{"id":6298,"date":"2022-12-19T13:13:40","date_gmt":"2022-12-19T12:13:40","guid":{"rendered":"https:\/\/klspureprint.dk\/?page_id=6298"},"modified":"2023-01-05T14:33:35","modified_gmt":"2023-01-05T13:33:35","slug":"fropapper","status":"publish","type":"page","link":"https:\/\/klspureprint.dk\/sv\/fropapper\/","title":{"rendered":"Fr\u00f6papper"},"content":{"rendered":"<p>[et_pb_section fb_built=&#8221;1&#8243; admin_label=&#8221;Hero&#8221; _builder_version=&#8221;4.0.6&#8243; background_image=&#8221;https:\/\/klspureprint.dk\/wp-content\/uploads\/2019\/08\/KLS_Figur.png&#8221; background_position=&#8221;bottom_center&#8221; custom_padding=&#8221;||100px||false|false&#8221; animation_style=&#8221;zoom&#8221; animation_intensity_zoom=&#8221;4%&#8221;][et_pb_row _builder_version=&#8221;3.25&#8243; background_size=&#8221;initial&#8221; background_position=&#8221;top_left&#8221; background_repeat=&#8221;repeat&#8221; custom_padding=&#8221;|||&#8221; animation_style=&#8221;slide&#8221; animation_direction=&#8221;top&#8221; animation_intensity_slide=&#8221;3%&#8221;][et_pb_column type=&#8221;4_4&#8243; _builder_version=&#8221;3.25&#8243; custom_padding=&#8221;|||&#8221; custom_padding__hover=&#8221;|||&#8221;][et_pb_text _builder_version=&#8221;4.0.6&#8243; text_font=&#8221;||||||||&#8221; header_font=&#8221;Oswald|700||on|||||dotted&#8221; header_text_color=&#8221;#83bb26&#8243; header_font_size=&#8221;60px&#8221; header_line_height=&#8221;1.3em&#8221; background_size=&#8221;initial&#8221; background_position=&#8221;top_left&#8221; background_repeat=&#8221;repeat&#8221; custom_margin=&#8221;|||&#8221; custom_margin_tablet=&#8221;&#8221; custom_margin_phone=&#8221;50px||||false|false&#8221; custom_margin_last_edited=&#8221;on|phone&#8221; custom_padding_tablet=&#8221;&#8221; custom_padding_phone=&#8221;&#8221; custom_padding_last_edited=&#8221;on|phone&#8221; animation_style=&#8221;fade&#8221; hover_enabled=&#8221;0&#8243; header_text_align_tablet=&#8221;&#8221; header_text_align_phone=&#8221;center&#8221; header_text_align_last_edited=&#8221;on|phone&#8221; header_font_size_tablet=&#8221;&#8221; header_font_size_phone=&#8221;36px&#8221; header_font_size_last_edited=&#8221;on|phone&#8221; locked=&#8221;off&#8221;]<\/p>\n<h1>Fr\u00f6papper<\/h1>\n<p>[\/et_pb_text][et_pb_divider show_divider=&#8221;off&#8221; disabled_on=&#8221;on|on|off%22&#8243; _builder_version=&#8221;3.2&#8243; max_width=&#8221;120px&#8221; animation_style=&#8221;slide&#8221; animation_direction=&#8221;top&#8221; animation_intensity_slide=&#8221;30%&#8221;][\/et_pb_divider][\/et_pb_column][\/et_pb_row][et_pb_row column_structure=&#8221;2_5,3_5&#8243; admin_label=&#8221;Project 01&#8243; _builder_version=&#8221;4.0.6&#8243; background_size=&#8221;initial&#8221; background_position=&#8221;top_left&#8221; background_repeat=&#8221;repeat&#8221; custom_margin=&#8221;-57px|auto||auto||&#8221; custom_padding=&#8221;||21px||false|false&#8221;][et_pb_column type=&#8221;2_5&#8243; _builder_version=&#8221;4.0.6&#8243; custom_padding=&#8221;0%||5%||false|false&#8221; custom_padding__hover=&#8221;|||&#8221;][et_pb_image src=&#8221;https:\/\/klspureprint.dk\/wp-content\/uploads\/KLS_Fr\u00f8papir.png&#8221; show_bottom_space=&#8221;off&#8221; align_tablet=&#8221;center&#8221; align_phone=&#8221;&#8221; align_last_edited=&#8221;on|desktop&#8221; _builder_version=&#8221;4.0.6&#8243; custom_margin=&#8221;0px||0px||false|false&#8221; custom_padding=&#8221;0px||0px||false|false&#8221; animation_style=&#8221;slide&#8221; animation_direction=&#8221;right&#8221; animation_intensity_slide=&#8221;10%&#8221; animation_starting_opacity=&#8221;100%&#8221; hover_enabled=&#8221;0&#8243; custom_css_main_element=&#8221;vertical-align: middle;||&#8221;][\/et_pb_image][\/et_pb_column][et_pb_column type=&#8221;3_5&#8243; _builder_version=&#8221;3.25&#8243; custom_padding=&#8221;|||&#8221; custom_padding__hover=&#8221;|||&#8221;][et_pb_cta button_url=&#8221;https:\/\/klspureprint.dk\/wp-content\/uploads\/2016\/02\/liste-frosorter.pdf&#8221; button_text=&#8221;LISTE OVER FR\u00d8SORTER&#8221; _builder_version=&#8221;4.0.6&#8243; header_font=&#8221;Oswald|600|||||||&#8221; header_text_color=&#8221;#83bb26&#8243; header_line_height=&#8221;1.5em&#8221; body_font=&#8221;Oswald|300|||||||&#8221; body_text_color=&#8221;#444444&#8243; body_font_size=&#8221;18px&#8221; body_line_height=&#8221;1.8em&#8221; use_background_color=&#8221;off&#8221; background_size=&#8221;initial&#8221; background_position=&#8221;top_left&#8221; background_repeat=&#8221;repeat&#8221; custom_button=&#8221;on&#8221; button_text_size=&#8221;15px&#8221; button_text_color=&#8221;#ffffff&#8221; button_bg_color=&#8221;#83bb26&#8243; button_border_width=&#8221;4px&#8221; button_border_color=&#8221;#83bb26&#8243; button_border_radius=&#8221;0px&#8221; button_letter_spacing=&#8221;3px&#8221; button_font=&#8221;Oswald|||on|&#8221; button_use_icon=&#8221;off&#8221; button_alignment=&#8221;right&#8221; text_orientation=&#8221;left&#8221; background_layout=&#8221;light&#8221; custom_margin=&#8221;0px||0px||false|false&#8221; custom_padding=&#8221;0px||0px||false|false&#8221; animation_style=&#8221;slide&#8221; animation_direction=&#8221;top&#8221; animation_intensity_slide=&#8221;6%&#8221; hover_enabled=&#8221;0&#8243; button_bg_color_hover=&#8221;rgba(0,0,0,0)&#8221; button_text_size__hover_enabled=&#8221;off&#8221; button_one_text_size__hover_enabled=&#8221;off&#8221; button_two_text_size__hover_enabled=&#8221;off&#8221; button_text_color__hover_enabled=&#8221;off&#8221; button_one_text_color__hover_enabled=&#8221;off&#8221; button_two_text_color__hover_enabled=&#8221;off&#8221; button_border_width__hover_enabled=&#8221;off&#8221; button_one_border_width__hover_enabled=&#8221;off&#8221; button_two_border_width__hover_enabled=&#8221;off&#8221; button_border_color__hover_enabled=&#8221;on&#8221; button_one_border_color__hover_enabled=&#8221;off&#8221; button_two_border_color__hover_enabled=&#8221;off&#8221; button_border_radius__hover_enabled=&#8221;on|desktop&#8221; button_one_border_radius__hover_enabled=&#8221;off&#8221; button_two_border_radius__hover_enabled=&#8221;off&#8221; button_letter_spacing__hover_enabled=&#8221;on&#8221; button_one_letter_spacing__hover_enabled=&#8221;off&#8221; button_two_letter_spacing__hover_enabled=&#8221;off&#8221; button_bg_color__hover_enabled=&#8221;on|hover&#8221; button_bg_color__hover=&#8221;#83bb26&#8243; button_one_bg_color__hover_enabled=&#8221;off&#8221; button_two_bg_color__hover_enabled=&#8221;off&#8221; button_text_color__hover=&#8221;#ffffff&#8221; button_border_color__hover=&#8221;#83bb26&#8243; button_border_radius__hover=&#8221;0px&#8221; button_letter_spacing__hover=&#8221;3px&#8221; button_bg_enable_color__hover=&#8221;on&#8221; url_new_window=&#8221;on&#8221;]<\/p>\n<div>\n<h2 class=\"P68B1DB1-Overskrift230\"><span lang=\"SV\">Papper som kan planteras<\/span><\/h2>\n<\/div>\n<div>\n<p class=\"P68B1DB1-NormalWeb13\"><span lang=\"SV\">Din marknadsf\u00f6ring och ditt budskap kan f\u00e5 ett riktigt l\u00e5ngt liv med v\u00e5rt fr\u00f6papper. Och dina kampanjer, inbjudningar etc. kan skapa nytt liv. Bokstavligt talat. Mellan tv\u00e5 lager biologiskt nedbrytbart papper l\u00e4ggs fr\u00f6na och papperet limmas ihop. Sedan kan sj\u00e4lva produkten\/kortet planteras \u2013 eller s\u00e5 kan du peta ut den lilla cirkeln med fr\u00f6na. Det g\u00f6r att dina budskap kan planteras och bli blommor, tr\u00e4d, \u00f6rter eller gr\u00f6nsaker.<\/span><\/p>\n<\/div>\n<div>\n<h2 class=\"P68B1DB1-Overskrift230\"><span lang=\"SV\">Bra f\u00f6r milj\u00f6n<\/span><\/h2>\n<\/div>\n<div>\n<p class=\"P68B1DB1-NormalWeb13\"><span lang=\"SV\">Fr\u00f6papper \u00e4r inte bara en rolig detalj som g\u00f6r att du kan g\u00f6ra ett best\u00e5ende intryck p\u00e5 mottagaren. Det \u00e4r ocks\u00e5 bra f\u00f6r milj\u00f6n eftersom papperet inte hamnar som avfall.<\/span><\/p>\n<\/div>\n<div>\n<p class=\"P68B1DB1-NormalWeb13\"><span lang=\"SV\">Se listan \u00f6ver de mer \u00e4n 150 olika typerna av fr\u00f6n.<\/span><\/p>\n<\/div>\n<p>[\/et_pb_cta][\/et_pb_column][\/et_pb_row][et_pb_row column_structure=&#8221;3_5,2_5&#8243; admin_label=&#8221;Project 01&#8243; _builder_version=&#8221;4.0.6&#8243; background_size=&#8221;initial&#8221; background_position=&#8221;top_left&#8221; background_repeat=&#8221;repeat&#8221; custom_margin=&#8221;-57px|auto||auto||&#8221; custom_padding=&#8221;||100px||false|false&#8221;][et_pb_column type=&#8221;3_5&#8243; _builder_version=&#8221;4.0.6&#8243; custom_padding=&#8221;0%||5%||false|false&#8221; custom_padding__hover=&#8221;|||&#8221;][et_pb_cta button_url=&#8221;https:\/\/klspureprint.dk\/kontakt&#8221; _builder_version=&#8221;4.0.6&#8243; header_font=&#8221;Oswald|600|||||||&#8221; header_text_color=&#8221;#83bb26&#8243; header_line_height=&#8221;1.5em&#8221; body_font=&#8221;Oswald|300|||||||&#8221; body_text_color=&#8221;#444444&#8243; body_font_size=&#8221;18px&#8221; body_line_height=&#8221;1.8em&#8221; use_background_color=&#8221;off&#8221; background_size=&#8221;initial&#8221; background_position=&#8221;top_left&#8221; background_repeat=&#8221;repeat&#8221; custom_button=&#8221;on&#8221; button_text_size=&#8221;15px&#8221; button_text_color=&#8221;#ffffff&#8221; button_bg_color=&#8221;#83bb26&#8243; button_border_width=&#8221;4px&#8221; button_border_color=&#8221;#83bb26&#8243; button_border_radius=&#8221;0px&#8221; button_letter_spacing=&#8221;3px&#8221; button_font=&#8221;Oswald|||on|&#8221; button_use_icon=&#8221;off&#8221; button_alignment=&#8221;right&#8221; text_orientation=&#8221;left&#8221; background_layout=&#8221;light&#8221; custom_margin=&#8221;0px||0px||false|false&#8221; custom_padding=&#8221;0px||0px||false|false&#8221; animation_style=&#8221;slide&#8221; animation_direction=&#8221;top&#8221; animation_intensity_slide=&#8221;6%&#8221; hover_enabled=&#8221;0&#8243; button_bg_color_hover=&#8221;rgba(0,0,0,0)&#8221; button_text_size__hover_enabled=&#8221;off&#8221; button_one_text_size__hover_enabled=&#8221;off&#8221; button_two_text_size__hover_enabled=&#8221;off&#8221; button_text_color__hover_enabled=&#8221;off&#8221; button_one_text_color__hover_enabled=&#8221;off&#8221; button_two_text_color__hover_enabled=&#8221;off&#8221; button_border_width__hover_enabled=&#8221;off&#8221; button_one_border_width__hover_enabled=&#8221;off&#8221; button_two_border_width__hover_enabled=&#8221;off&#8221; button_border_color__hover_enabled=&#8221;on&#8221; button_one_border_color__hover_enabled=&#8221;off&#8221; button_two_border_color__hover_enabled=&#8221;off&#8221; button_border_radius__hover_enabled=&#8221;on|desktop&#8221; button_one_border_radius__hover_enabled=&#8221;off&#8221; button_two_border_radius__hover_enabled=&#8221;off&#8221; button_letter_spacing__hover_enabled=&#8221;on&#8221; button_one_letter_spacing__hover_enabled=&#8221;off&#8221; button_two_letter_spacing__hover_enabled=&#8221;off&#8221; button_bg_color__hover_enabled=&#8221;on|hover&#8221; button_bg_color__hover=&#8221;#83bb26&#8243; button_one_bg_color__hover_enabled=&#8221;off&#8221; button_two_bg_color__hover_enabled=&#8221;off&#8221; button_text_color__hover=&#8221;#ffffff&#8221; button_border_color__hover=&#8221;#83bb26&#8243; button_border_radius__hover=&#8221;0px&#8221; button_letter_spacing__hover=&#8221;3px&#8221; button_bg_enable_color__hover=&#8221;on&#8221;]<\/p>\n<h2>Fr\u00f6papper &#8211; prisexempler<\/h2>\n<table width=\"343\">\n<tbody>\n<tr>\n<td width=\"60\"><strong>Format<\/strong><\/td>\n<td width=\"80\"><strong>Oplag<\/strong><\/td>\n<td width=\"100\"><strong>Pris i alt<\/strong><\/td>\n<td width=\"100\"><strong>Pris pr.stk.<\/strong><\/td>\n<\/tr>\n<tr>\n<td width=\"60\">51 x 81<\/td>\n<td width=\"80\">20.000<\/td>\n<td width=\"100\">34.471<\/td>\n<td width=\"100\">1,72<\/td>\n<\/tr>\n<tr>\n<td width=\"60\"><\/td>\n<td width=\"80\"><\/td>\n<td width=\"100\"><\/td>\n<td width=\"100\"><\/td>\n<\/tr>\n<tr>\n<td width=\"60\">A6<\/td>\n<td width=\"80\">500<\/td>\n<td width=\"100\">10.681<\/td>\n<td width=\"100\">21,36<\/td>\n<\/tr>\n<tr>\n<td width=\"60\">A6<\/td>\n<td width=\"80\">1.000<\/td>\n<td width=\"100\">14.108<\/td>\n<td width=\"100\">14,11<\/td>\n<\/tr>\n<tr>\n<td width=\"60\">A6<\/td>\n<td width=\"80\">5.000<\/td>\n<td width=\"100\">39.190<\/td>\n<td width=\"100\">7,84<\/td>\n<\/tr>\n<tr>\n<td width=\"60\">A6<\/td>\n<td width=\"80\">8.000<\/td>\n<td width=\"100\">42.584<\/td>\n<td width=\"100\">5,32<\/td>\n<\/tr>\n<tr>\n<td width=\"60\">A6<\/td>\n<td width=\"80\">10.000<\/td>\n<td width=\"100\">48.146<\/td>\n<td width=\"100\">4,81<\/td>\n<\/tr>\n<tr>\n<td width=\"60\">A6<\/td>\n<td width=\"80\">25.000<\/td>\n<td width=\"100\">65.285<\/td>\n<td width=\"100\">2,61<\/td>\n<\/tr>\n<tr>\n<td width=\"60\">A6<\/td>\n<td width=\"80\">50.000<\/td>\n<td width=\"100\">116.225<\/td>\n<td width=\"100\">2,32<\/td>\n<\/tr>\n<tr>\n<td width=\"60\">A6<\/td>\n<td width=\"80\">75.000<\/td>\n<td width=\"100\">162.117<\/td>\n<td width=\"100\">2,16<\/td>\n<\/tr>\n<\/tbody>\n<\/table>\n<p>[\/et_pb_cta][\/et_pb_column][et_pb_column type=&#8221;2_5&#8243; _builder_version=&#8221;4.0.6&#8243; custom_padding=&#8221;0%||5%||false|false&#8221; custom_padding__hover=&#8221;|||&#8221;][\/et_pb_column][\/et_pb_row][\/et_pb_section]<\/p>\n","protected":false},"excerpt":{"rendered":"<p>Fr\u00f6papper Papper som kan planteras Din marknadsf\u00f6ring och ditt budskap kan f\u00e5 ett riktigt l\u00e5ngt liv med v\u00e5rt fr\u00f6papper. Och dina kampanjer, inbjudningar etc. kan skapa nytt liv. Bokstavligt talat. Mellan tv\u00e5 lager biologiskt nedbrytbart papper l\u00e4ggs fr\u00f6na och papperet limmas ihop. Sedan kan sj\u00e4lva produkten\/kortet planteras \u2013 eller s\u00e5 kan du peta ut den [&hellip;]<\/p>\n","protected":false},"author":15,"featured_media":0,"parent":0,"menu_order":0,"comment_status":"closed","ping_status":"closed","template":"","meta":{"_et_pb_use_builder":"on","_et_pb_old_content":"","_et_gb_content_width":"","footnotes":""},"class_list":["post-6298","page","type-page","status-publish","hentry"],"yoast_head":"<!-- This site is optimized with the Yoast SEO plugin v27.1.1 - https:\/\/yoast.com\/product\/yoast-seo-wordpress\/ -->\n<title>Fr\u00f6papper - KLS PurePrint<\/title>\n<meta name=\"description\" content=\"Fr\u00f6papper \u00e4r inte bara en rolig detalj, det \u00e4r ocks\u00e5 bra f\u00f6r milj\u00f6n eftersom papperet inte hamnar som avfall.\" \/>\n<meta name=\"robots\" content=\"index, follow, max-snippet:-1, max-image-preview:large, max-video-preview:-1\" \/>\n<link rel=\"canonical\" href=\"https:\/\/klspureprint.dk\/sv\/fropapper\/\" \/>\n<meta property=\"og:locale\" content=\"sv_SE\" \/>\n<meta property=\"og:type\" content=\"article\" \/>\n<meta property=\"og:title\" content=\"Fr\u00f6papper - KLS PurePrint\" \/>\n<meta property=\"og:description\" content=\"Fr\u00f6papper \u00e4r inte bara en rolig detalj, det \u00e4r ocks\u00e5 bra f\u00f6r milj\u00f6n eftersom papperet inte hamnar som avfall.\" \/>\n<meta property=\"og:url\" content=\"https:\/\/klspureprint.dk\/sv\/fropapper\/\" \/>\n<meta property=\"og:site_name\" content=\"KLS PurePrint\" \/>\n<meta property=\"article:modified_time\" content=\"2023-01-05T13:33:35+00:00\" \/>\n<meta name=\"twitter:card\" content=\"summary_large_image\" \/>\n<meta name=\"twitter:label1\" content=\"Ber\u00e4knad l\u00e4stid\" \/>\n\t<meta name=\"twitter:data1\" content=\"3 minuter\" \/>\n<script type=\"application\/ld+json\" class=\"yoast-schema-graph\">{\"@context\":\"https:\/\/schema.org\",\"@graph\":[{\"@type\":\"WebPage\",\"@id\":\"https:\/\/klspureprint.dk\/sv\/fropapper\/\",\"url\":\"https:\/\/klspureprint.dk\/sv\/fropapper\/\",\"name\":\"Fr\u00f6papper - KLS PurePrint\",\"isPartOf\":{\"@id\":\"https:\/\/klspureprint.dk\/#website\"},\"datePublished\":\"2022-12-19T12:13:40+00:00\",\"dateModified\":\"2023-01-05T13:33:35+00:00\",\"description\":\"Fr\u00f6papper \u00e4r inte bara en rolig detalj, det \u00e4r ocks\u00e5 bra f\u00f6r milj\u00f6n eftersom papperet inte hamnar som avfall.\",\"breadcrumb\":{\"@id\":\"https:\/\/klspureprint.dk\/sv\/fropapper\/#breadcrumb\"},\"inLanguage\":\"sv-SE\",\"potentialAction\":[{\"@type\":\"ReadAction\",\"target\":[\"https:\/\/klspureprint.dk\/sv\/fropapper\/\"]}]},{\"@type\":\"BreadcrumbList\",\"@id\":\"https:\/\/klspureprint.dk\/sv\/fropapper\/#breadcrumb\",\"itemListElement\":[{\"@type\":\"ListItem\",\"position\":1,\"name\":\"Hjem\",\"item\":\"https:\/\/klspureprint.dk\/sv\/\"},{\"@type\":\"ListItem\",\"position\":2,\"name\":\"Fr\u00f6papper\"}]},{\"@type\":\"WebSite\",\"@id\":\"https:\/\/klspureprint.dk\/#website\",\"url\":\"https:\/\/klspureprint.dk\/\",\"name\":\"KLS PurePrint\",\"description\":\"\",\"potentialAction\":[{\"@type\":\"SearchAction\",\"target\":{\"@type\":\"EntryPoint\",\"urlTemplate\":\"https:\/\/klspureprint.dk\/?s={search_term_string}\"},\"query-input\":{\"@type\":\"PropertyValueSpecification\",\"valueRequired\":true,\"valueName\":\"search_term_string\"}}],\"inLanguage\":\"sv-SE\"}]}<\/script>\n<!-- \/ Yoast SEO plugin. -->","yoast_head_json":{"title":"Fr\u00f6papper - KLS PurePrint","description":"Fr\u00f6papper \u00e4r inte bara en rolig detalj, det \u00e4r ocks\u00e5 bra f\u00f6r milj\u00f6n eftersom papperet inte hamnar som avfall.","robots":{"index":"index","follow":"follow","max-snippet":"max-snippet:-1","max-image-preview":"max-image-preview:large","max-video-preview":"max-video-preview:-1"},"canonical":"https:\/\/klspureprint.dk\/sv\/fropapper\/","og_locale":"sv_SE","og_type":"article","og_title":"Fr\u00f6papper - KLS PurePrint","og_description":"Fr\u00f6papper \u00e4r inte bara en rolig detalj, det \u00e4r ocks\u00e5 bra f\u00f6r milj\u00f6n eftersom papperet inte hamnar som avfall.","og_url":"https:\/\/klspureprint.dk\/sv\/fropapper\/","og_site_name":"KLS PurePrint","article_modified_time":"2023-01-05T13:33:35+00:00","twitter_card":"summary_large_image","twitter_misc":{"Ber\u00e4knad l\u00e4stid":"3 minuter"},"schema":{"@context":"https:\/\/schema.org","@graph":[{"@type":"WebPage","@id":"https:\/\/klspureprint.dk\/sv\/fropapper\/","url":"https:\/\/klspureprint.dk\/sv\/fropapper\/","name":"Fr\u00f6papper - KLS PurePrint","isPartOf":{"@id":"https:\/\/klspureprint.dk\/#website"},"datePublished":"2022-12-19T12:13:40+00:00","dateModified":"2023-01-05T13:33:35+00:00","description":"Fr\u00f6papper \u00e4r inte bara en rolig detalj, det \u00e4r ocks\u00e5 bra f\u00f6r milj\u00f6n eftersom papperet inte hamnar som avfall.","breadcrumb":{"@id":"https:\/\/klspureprint.dk\/sv\/fropapper\/#breadcrumb"},"inLanguage":"sv-SE","potentialAction":[{"@type":"ReadAction","target":["https:\/\/klspureprint.dk\/sv\/fropapper\/"]}]},{"@type":"BreadcrumbList","@id":"https:\/\/klspureprint.dk\/sv\/fropapper\/#breadcrumb","itemListElement":[{"@type":"ListItem","position":1,"name":"Hjem","item":"https:\/\/klspureprint.dk\/sv\/"},{"@type":"ListItem","position":2,"name":"Fr\u00f6papper"}]},{"@type":"WebSite","@id":"https:\/\/klspureprint.dk\/#website","url":"https:\/\/klspureprint.dk\/","name":"KLS PurePrint","description":"","potentialAction":[{"@type":"SearchAction","target":{"@type":"EntryPoint","urlTemplate":"https:\/\/klspureprint.dk\/?s={search_term_string}"},"query-input":{"@type":"PropertyValueSpecification","valueRequired":true,"valueName":"search_term_string"}}],"inLanguage":"sv-SE"}]}},"_links":{"self":[{"href":"https:\/\/klspureprint.dk\/sv\/wp-json\/wp\/v2\/pages\/6298","targetHints":{"allow":["GET"]}}],"collection":[{"href":"https:\/\/klspureprint.dk\/sv\/wp-json\/wp\/v2\/pages"}],"about":[{"href":"https:\/\/klspureprint.dk\/sv\/wp-json\/wp\/v2\/types\/page"}],"author":[{"embeddable":true,"href":"https:\/\/klspureprint.dk\/sv\/wp-json\/wp\/v2\/users\/15"}],"replies":[{"embeddable":true,"href":"https:\/\/klspureprint.dk\/sv\/wp-json\/wp\/v2\/comments?post=6298"}],"version-history":[{"count":3,"href":"https:\/\/klspureprint.dk\/sv\/wp-json\/wp\/v2\/pages\/6298\/revisions"}],"predecessor-version":[{"id":7353,"href":"https:\/\/klspureprint.dk\/sv\/wp-json\/wp\/v2\/pages\/6298\/revisions\/7353"}],"wp:attachment":[{"href":"https:\/\/klspureprint.dk\/sv\/wp-json\/wp\/v2\/media?parent=6298"}],"curies":[{"name":"wp","href":"https:\/\/api.w.org\/{rel}","templated":true}]}}