{"id":6312,"date":"2022-12-19T13:13:42","date_gmt":"2022-12-19T12:13:42","guid":{"rendered":"https:\/\/klspureprint.dk\/?page_id=6312"},"modified":"2023-01-05T14:50:55","modified_gmt":"2023-01-05T13:50:55","slug":"klimatneutrala-trycksaker","status":"publish","type":"page","link":"https:\/\/klspureprint.dk\/sv\/klimatneutrala-trycksaker\/","title":{"rendered":"Klimatneutrala trycksaker"},"content":{"rendered":"<p>[et_pb_section fb_built=&#8221;1&#8243; admin_label=&#8221;Hero&#8221; _builder_version=&#8221;4.0.6&#8243; background_image=&#8221;https:\/\/klspureprint.dk\/wp-content\/uploads\/2019\/08\/KLS_Figur.png&#8221; background_position=&#8221;bottom_center&#8221; custom_padding=&#8221;||100px||false|false&#8221; animation_style=&#8221;zoom&#8221; animation_intensity_zoom=&#8221;4%&#8221;][et_pb_row _builder_version=&#8221;3.25&#8243; background_size=&#8221;initial&#8221; background_position=&#8221;top_left&#8221; background_repeat=&#8221;repeat&#8221; custom_padding=&#8221;|||&#8221; animation_style=&#8221;slide&#8221; animation_direction=&#8221;top&#8221; animation_intensity_slide=&#8221;3%&#8221;][et_pb_column type=&#8221;4_4&#8243; _builder_version=&#8221;3.25&#8243; custom_padding=&#8221;|||&#8221; custom_padding__hover=&#8221;|||&#8221;][et_pb_text _builder_version=&#8221;4.0.6&#8243; text_font=&#8221;||||||||&#8221; header_font=&#8221;Oswald|700||on|||||dotted&#8221; header_text_color=&#8221;#83bb26&#8243; header_font_size=&#8221;60px&#8221; header_line_height=&#8221;1.3em&#8221; background_size=&#8221;initial&#8221; background_position=&#8221;top_left&#8221; background_repeat=&#8221;repeat&#8221; custom_margin=&#8221;|||&#8221; custom_margin_tablet=&#8221;&#8221; custom_margin_phone=&#8221;50px||||false|false&#8221; custom_margin_last_edited=&#8221;on|phone&#8221; custom_padding_tablet=&#8221;&#8221; custom_padding_phone=&#8221;&#8221; custom_padding_last_edited=&#8221;on|phone&#8221; animation_style=&#8221;fade&#8221; hover_enabled=&#8221;0&#8243; header_text_align_tablet=&#8221;&#8221; header_text_align_phone=&#8221;center&#8221; header_text_align_last_edited=&#8221;on|phone&#8221; header_font_size_tablet=&#8221;&#8221; header_font_size_phone=&#8221;36px&#8221; header_font_size_last_edited=&#8221;on|phone&#8221; locked=&#8221;off&#8221;]<\/p>\n<h1>KLIMATNEUTRALA TRYCKSAKER<\/h1>\n<p>[\/et_pb_text][et_pb_divider show_divider=&#8221;off&#8221; disabled_on=&#8221;on|on|off%22&#8243; _builder_version=&#8221;3.2&#8243; max_width=&#8221;120px&#8221; animation_style=&#8221;slide&#8221; animation_direction=&#8221;top&#8221; animation_intensity_slide=&#8221;30%&#8221;][\/et_pb_divider][\/et_pb_column][\/et_pb_row][et_pb_row column_structure=&#8221;2_5,3_5&#8243; admin_label=&#8221;Project 01&#8243; _builder_version=&#8221;4.0.6&#8243; background_size=&#8221;initial&#8221; background_position=&#8221;top_left&#8221; background_repeat=&#8221;repeat&#8221; custom_margin=&#8221;-57px|auto||auto||&#8221; custom_padding=&#8221;||100px||false|false&#8221;][et_pb_column type=&#8221;2_5&#8243; _builder_version=&#8221;4.0.6&#8243; custom_padding=&#8221;0%||5%||false|false&#8221; custom_padding__hover=&#8221;|||&#8221;][et_pb_image src=&#8221;https:\/\/klspureprint.dk\/wp-content\/uploads\/KLS_CO2NeutralTryksag.jpg&#8221; show_bottom_space=&#8221;off&#8221; align_tablet=&#8221;center&#8221; align_phone=&#8221;&#8221; align_last_edited=&#8221;on|desktop&#8221; _builder_version=&#8221;4.0.6&#8243; custom_margin=&#8221;0px||0px||false|false&#8221; custom_padding=&#8221;0px||0px||false|false&#8221; animation_style=&#8221;slide&#8221; animation_direction=&#8221;right&#8221; animation_intensity_slide=&#8221;10%&#8221; animation_starting_opacity=&#8221;100%&#8221; hover_enabled=&#8221;0&#8243; custom_css_main_element=&#8221;vertical-align: middle;||&#8221;][\/et_pb_image][\/et_pb_column][et_pb_column type=&#8221;3_5&#8243; _builder_version=&#8221;3.25&#8243; custom_padding=&#8221;|||&#8221; custom_padding__hover=&#8221;|||&#8221;][et_pb_cta button_url=&#8221;https:\/\/klspureprint.dk\/wp-content\/uploads\/2016\/02\/Climate-certificate_KLS-Grafisk-Hus_20151.pdf&#8221; button_text=&#8221;SE EKSEMPEL P\u00c5 CERTIFIKAT&#8221; _builder_version=&#8221;4.0.6&#8243; header_font=&#8221;Oswald|600|||||||&#8221; header_text_color=&#8221;#83bb26&#8243; header_line_height=&#8221;1.5em&#8221; body_font=&#8221;Oswald|300|||||||&#8221; body_text_color=&#8221;#444444&#8243; body_font_size=&#8221;18px&#8221; body_line_height=&#8221;1.8em&#8221; use_background_color=&#8221;off&#8221; background_size=&#8221;initial&#8221; background_position=&#8221;top_left&#8221; background_repeat=&#8221;repeat&#8221; custom_button=&#8221;on&#8221; button_text_size=&#8221;15px&#8221; button_text_color=&#8221;#ffffff&#8221; button_bg_color=&#8221;#83bb26&#8243; button_border_width=&#8221;4px&#8221; button_border_color=&#8221;#83bb26&#8243; button_border_radius=&#8221;0px&#8221; button_letter_spacing=&#8221;3px&#8221; button_font=&#8221;Oswald|||on|&#8221; button_use_icon=&#8221;off&#8221; button_alignment=&#8221;right&#8221; text_orientation=&#8221;left&#8221; background_layout=&#8221;light&#8221; custom_margin=&#8221;0px||0px||false|false&#8221; custom_padding=&#8221;0px||0px||false|false&#8221; animation_style=&#8221;slide&#8221; animation_direction=&#8221;top&#8221; animation_intensity_slide=&#8221;6%&#8221; hover_enabled=&#8221;0&#8243; button_bg_color_hover=&#8221;rgba(0,0,0,0)&#8221; button_text_size__hover_enabled=&#8221;off&#8221; button_one_text_size__hover_enabled=&#8221;off&#8221; button_two_text_size__hover_enabled=&#8221;off&#8221; button_text_color__hover_enabled=&#8221;off&#8221; button_one_text_color__hover_enabled=&#8221;off&#8221; button_two_text_color__hover_enabled=&#8221;off&#8221; button_border_width__hover_enabled=&#8221;off&#8221; button_one_border_width__hover_enabled=&#8221;off&#8221; button_two_border_width__hover_enabled=&#8221;off&#8221; button_border_color__hover_enabled=&#8221;on&#8221; button_one_border_color__hover_enabled=&#8221;off&#8221; button_two_border_color__hover_enabled=&#8221;off&#8221; button_border_radius__hover_enabled=&#8221;on|desktop&#8221; button_one_border_radius__hover_enabled=&#8221;off&#8221; button_two_border_radius__hover_enabled=&#8221;off&#8221; button_letter_spacing__hover_enabled=&#8221;on&#8221; button_one_letter_spacing__hover_enabled=&#8221;off&#8221; button_two_letter_spacing__hover_enabled=&#8221;off&#8221; button_bg_color__hover_enabled=&#8221;on|hover&#8221; button_bg_color__hover=&#8221;#83bb26&#8243; button_one_bg_color__hover_enabled=&#8221;off&#8221; button_two_bg_color__hover_enabled=&#8221;off&#8221; button_text_color__hover=&#8221;#ffffff&#8221; button_border_color__hover=&#8221;#83bb26&#8243; button_border_radius__hover=&#8221;0px&#8221; button_letter_spacing__hover=&#8221;3px&#8221; button_bg_enable_color__hover=&#8221;on&#8221; url_new_window=&#8221;on&#8221;]<\/p>\n<div>\n<h2 class=\"P68B1DB1-Overskrift230\"><span lang=\"SV\">SKANDINAVIENS F\u00d6RSTA KLIMATNEUTRALA TRYCKERI<\/span><\/h2>\n<\/div>\n<div><span lang=\"SV\">I mer \u00e4n 10 \u00e5r har KLS PurePrint arbetat m\u00e5lmedvetet f\u00f6r att bli CO<sub>2<\/sub>-neutrala. Varje enskild del av f\u00f6retagets produktion och energif\u00f6rbrukning har analyserats och kartlagts och alla p\u00e5 st\u00e4llen som kunde f\u00f6rb\u00e4ttras och optimeras har detta gjorts. Redan 2009 lyckades KLS PurePrint bli CO<sub>2<\/sub>-neutrala som f\u00f6rsta tryckeri i Skandinavien.<\/span><\/div>\n<h2>EN FORTSATT PROCESS<\/h2>\n<div>\n<p class=\"P68B1DB1-NormalWeb13\"><span lang=\"SV\">F\u00f6retaget har sedan dess fortsatt att arbeta f\u00f6r att minska utsl\u00e4ppen. 2010 investerade KLS PurePrint i Danmarks f\u00f6rsta elektriska lastbil,\u00a0och k\u00f6pte \u00e4ven en andel i ett vindkraftverk som st\u00e5r 300 meter fr\u00e5n v\u00e5rt f\u00f6retag i Hvidovre. Vi anv\u00e4nder d\u00e4rf\u00f6r bara vindkraftsenergi idag och sedan 2012 har vi uteslutande k\u00f6pt elbilar som tj\u00e4nstebilar.\u00a0P\u00e5 sex \u00e5r har KLS PurePrint halverat v\u00e4rmef\u00f6rbrukningen och minskat elf\u00f6rbrukningen med 38 procent per producerad enhet. Som en ytterligare milj\u00f6satsning har f\u00f6retaget f\u00e5tt ett vitt klimatv\u00e4nligt tak som reflekterar solens v\u00e4rme och d\u00e4rmed minskar den globala uppv\u00e4rmningen.<\/span><\/p>\n<\/div>\n<div>\n<h2 class=\"P68B1DB1-Overskrift230\"><span lang=\"SV\">OBLIGATORISKA KVOTER<\/span><\/h2>\n<\/div>\n<div>\n<p><span lang=\"SV\">Eftersom det inte g\u00e5r att s\u00e4kerst\u00e4lla 100 procent CO<sub>2<\/sub>-fri produktion och transport finns det ett behov av att k\u00f6pa milj\u00f6kvoter. KLS PurePrint ber\u00e4knar varje \u00e5r restutsl\u00e4ppen av CO<sub>2<\/sub>\u00a0och neutraliserar dem via FN-godk\u00e4nda CER-kvoter (Certified Emission Reduction) i CDM-projekt (The Clean Development Mechanism). Det vill s\u00e4ga projekt som garanterar ett l\u00e4gre CO<sub>2<\/sub>-utsl\u00e4pp i utvecklingsl\u00e4nder. Specifikt g\u00e5r v\u00e5ra kvoter f\u00f6r n\u00e4rvarande till \u00e5terplantering och restaurering av f\u00f6rst\u00f6rda mangroveskogar i Myanmar. Se mer\u00a0<\/span><span lang=\"SV\"><a href=\"https:\/\/klspureprint.dk\/klimakompensation-hvorfor-giver-det-mening\/\" target=\"_blank\" rel=\"noopener\">h\u00e4r<\/a><\/span><span lang=\"SV\">.<\/span><\/p>\n<\/div>\n<div>\n<p class=\"P68B1DB1-NormalWeb13\"><span lang=\"SV\">Exempel p\u00e5 h\u00e5llbara CDM-projekt vi har st\u00f6ttat: Ett projekt i Indien, d\u00e4r vindkraftverk har m\u00f6jliggjort avst\u00e4ngning av ett kolkraftverk och ett projekt i Argentina, d\u00e4r metangas samlas in fr\u00e5n en deponi.<\/span><\/p>\n<\/div>\n<p>[\/et_pb_cta][\/et_pb_column][\/et_pb_row][\/et_pb_section]<\/p>\n","protected":false},"excerpt":{"rendered":"<p>KLIMATNEUTRALA TRYCKSAKER SKANDINAVIENS F\u00d6RSTA KLIMATNEUTRALA TRYCKERI I mer \u00e4n 10 \u00e5r har KLS PurePrint arbetat m\u00e5lmedvetet f\u00f6r att bli CO2-neutrala. Varje enskild del av f\u00f6retagets produktion och energif\u00f6rbrukning har analyserats och kartlagts och alla p\u00e5 st\u00e4llen som kunde f\u00f6rb\u00e4ttras och optimeras har detta gjorts. Redan 2009 lyckades KLS PurePrint bli CO2-neutrala som f\u00f6rsta tryckeri i [&hellip;]<\/p>\n","protected":false},"author":15,"featured_media":0,"parent":0,"menu_order":0,"comment_status":"closed","ping_status":"closed","template":"","meta":{"_et_pb_use_builder":"on","_et_pb_old_content":"","_et_gb_content_width":"","footnotes":""},"class_list":["post-6312","page","type-page","status-publish","hentry"],"yoast_head":"<!-- This site is optimized with the Yoast SEO plugin v27.1.1 - https:\/\/yoast.com\/product\/yoast-seo-wordpress\/ -->\n<title>Klimatneutrala trycksaker - KLS PurePrint<\/title>\n<meta name=\"robots\" content=\"index, follow, max-snippet:-1, max-image-preview:large, max-video-preview:-1\" \/>\n<link rel=\"canonical\" href=\"https:\/\/klspureprint.dk\/sv\/klimatneutrala-trycksaker\/\" \/>\n<meta property=\"og:locale\" content=\"sv_SE\" \/>\n<meta property=\"og:type\" content=\"article\" \/>\n<meta property=\"og:title\" content=\"Klimatneutrala trycksaker - KLS PurePrint\" \/>\n<meta property=\"og:description\" content=\"KLIMATNEUTRALA TRYCKSAKER SKANDINAVIENS F\u00d6RSTA KLIMATNEUTRALA TRYCKERI I mer \u00e4n 10 \u00e5r har KLS PurePrint arbetat m\u00e5lmedvetet f\u00f6r att bli CO2-neutrala. Varje enskild del av f\u00f6retagets produktion och energif\u00f6rbrukning har analyserats och kartlagts och alla p\u00e5 st\u00e4llen som kunde f\u00f6rb\u00e4ttras och optimeras har detta gjorts. Redan 2009 lyckades KLS PurePrint bli CO2-neutrala som f\u00f6rsta tryckeri i [&hellip;]\" \/>\n<meta property=\"og:url\" content=\"https:\/\/klspureprint.dk\/sv\/klimatneutrala-trycksaker\/\" \/>\n<meta property=\"og:site_name\" content=\"KLS PurePrint\" \/>\n<meta property=\"article:modified_time\" content=\"2023-01-05T13:50:55+00:00\" \/>\n<meta name=\"twitter:card\" content=\"summary_large_image\" \/>\n<meta name=\"twitter:label1\" content=\"Ber\u00e4knad l\u00e4stid\" \/>\n\t<meta name=\"twitter:data1\" content=\"3 minuter\" \/>\n<script type=\"application\/ld+json\" class=\"yoast-schema-graph\">{\"@context\":\"https:\/\/schema.org\",\"@graph\":[{\"@type\":\"WebPage\",\"@id\":\"https:\/\/klspureprint.dk\/sv\/klimatneutrala-trycksaker\/\",\"url\":\"https:\/\/klspureprint.dk\/sv\/klimatneutrala-trycksaker\/\",\"name\":\"Klimatneutrala trycksaker - KLS PurePrint\",\"isPartOf\":{\"@id\":\"https:\/\/klspureprint.dk\/#website\"},\"datePublished\":\"2022-12-19T12:13:42+00:00\",\"dateModified\":\"2023-01-05T13:50:55+00:00\",\"breadcrumb\":{\"@id\":\"https:\/\/klspureprint.dk\/sv\/klimatneutrala-trycksaker\/#breadcrumb\"},\"inLanguage\":\"sv-SE\",\"potentialAction\":[{\"@type\":\"ReadAction\",\"target\":[\"https:\/\/klspureprint.dk\/sv\/klimatneutrala-trycksaker\/\"]}]},{\"@type\":\"BreadcrumbList\",\"@id\":\"https:\/\/klspureprint.dk\/sv\/klimatneutrala-trycksaker\/#breadcrumb\",\"itemListElement\":[{\"@type\":\"ListItem\",\"position\":1,\"name\":\"Hjem\",\"item\":\"https:\/\/klspureprint.dk\/sv\/\"},{\"@type\":\"ListItem\",\"position\":2,\"name\":\"Klimatneutrala trycksaker\"}]},{\"@type\":\"WebSite\",\"@id\":\"https:\/\/klspureprint.dk\/#website\",\"url\":\"https:\/\/klspureprint.dk\/\",\"name\":\"KLS PurePrint\",\"description\":\"\",\"potentialAction\":[{\"@type\":\"SearchAction\",\"target\":{\"@type\":\"EntryPoint\",\"urlTemplate\":\"https:\/\/klspureprint.dk\/?s={search_term_string}\"},\"query-input\":{\"@type\":\"PropertyValueSpecification\",\"valueRequired\":true,\"valueName\":\"search_term_string\"}}],\"inLanguage\":\"sv-SE\"}]}<\/script>\n<!-- \/ Yoast SEO plugin. -->","yoast_head_json":{"title":"Klimatneutrala trycksaker - KLS PurePrint","robots":{"index":"index","follow":"follow","max-snippet":"max-snippet:-1","max-image-preview":"max-image-preview:large","max-video-preview":"max-video-preview:-1"},"canonical":"https:\/\/klspureprint.dk\/sv\/klimatneutrala-trycksaker\/","og_locale":"sv_SE","og_type":"article","og_title":"Klimatneutrala trycksaker - KLS PurePrint","og_description":"KLIMATNEUTRALA TRYCKSAKER SKANDINAVIENS F\u00d6RSTA KLIMATNEUTRALA TRYCKERI I mer \u00e4n 10 \u00e5r har KLS PurePrint arbetat m\u00e5lmedvetet f\u00f6r att bli CO2-neutrala. Varje enskild del av f\u00f6retagets produktion och energif\u00f6rbrukning har analyserats och kartlagts och alla p\u00e5 st\u00e4llen som kunde f\u00f6rb\u00e4ttras och optimeras har detta gjorts. Redan 2009 lyckades KLS PurePrint bli CO2-neutrala som f\u00f6rsta tryckeri i [&hellip;]","og_url":"https:\/\/klspureprint.dk\/sv\/klimatneutrala-trycksaker\/","og_site_name":"KLS PurePrint","article_modified_time":"2023-01-05T13:50:55+00:00","twitter_card":"summary_large_image","twitter_misc":{"Ber\u00e4knad l\u00e4stid":"3 minuter"},"schema":{"@context":"https:\/\/schema.org","@graph":[{"@type":"WebPage","@id":"https:\/\/klspureprint.dk\/sv\/klimatneutrala-trycksaker\/","url":"https:\/\/klspureprint.dk\/sv\/klimatneutrala-trycksaker\/","name":"Klimatneutrala trycksaker - KLS PurePrint","isPartOf":{"@id":"https:\/\/klspureprint.dk\/#website"},"datePublished":"2022-12-19T12:13:42+00:00","dateModified":"2023-01-05T13:50:55+00:00","breadcrumb":{"@id":"https:\/\/klspureprint.dk\/sv\/klimatneutrala-trycksaker\/#breadcrumb"},"inLanguage":"sv-SE","potentialAction":[{"@type":"ReadAction","target":["https:\/\/klspureprint.dk\/sv\/klimatneutrala-trycksaker\/"]}]},{"@type":"BreadcrumbList","@id":"https:\/\/klspureprint.dk\/sv\/klimatneutrala-trycksaker\/#breadcrumb","itemListElement":[{"@type":"ListItem","position":1,"name":"Hjem","item":"https:\/\/klspureprint.dk\/sv\/"},{"@type":"ListItem","position":2,"name":"Klimatneutrala trycksaker"}]},{"@type":"WebSite","@id":"https:\/\/klspureprint.dk\/#website","url":"https:\/\/klspureprint.dk\/","name":"KLS PurePrint","description":"","potentialAction":[{"@type":"SearchAction","target":{"@type":"EntryPoint","urlTemplate":"https:\/\/klspureprint.dk\/?s={search_term_string}"},"query-input":{"@type":"PropertyValueSpecification","valueRequired":true,"valueName":"search_term_string"}}],"inLanguage":"sv-SE"}]}},"_links":{"self":[{"href":"https:\/\/klspureprint.dk\/sv\/wp-json\/wp\/v2\/pages\/6312","targetHints":{"allow":["GET"]}}],"collection":[{"href":"https:\/\/klspureprint.dk\/sv\/wp-json\/wp\/v2\/pages"}],"about":[{"href":"https:\/\/klspureprint.dk\/sv\/wp-json\/wp\/v2\/types\/page"}],"author":[{"embeddable":true,"href":"https:\/\/klspureprint.dk\/sv\/wp-json\/wp\/v2\/users\/15"}],"replies":[{"embeddable":true,"href":"https:\/\/klspureprint.dk\/sv\/wp-json\/wp\/v2\/comments?post=6312"}],"version-history":[{"count":3,"href":"https:\/\/klspureprint.dk\/sv\/wp-json\/wp\/v2\/pages\/6312\/revisions"}],"predecessor-version":[{"id":7367,"href":"https:\/\/klspureprint.dk\/sv\/wp-json\/wp\/v2\/pages\/6312\/revisions\/7367"}],"wp:attachment":[{"href":"https:\/\/klspureprint.dk\/sv\/wp-json\/wp\/v2\/media?parent=6312"}],"curies":[{"name":"wp","href":"https:\/\/api.w.org\/{rel}","templated":true}]}}