{"id":6318,"date":"2022-12-19T13:13:45","date_gmt":"2022-12-19T12:13:45","guid":{"rendered":"https:\/\/klspureprint.dk\/?page_id=6318"},"modified":"2023-01-05T15:18:46","modified_gmt":"2023-01-05T14:18:46","slug":"miljocertifieringar","status":"publish","type":"page","link":"https:\/\/klspureprint.dk\/sv\/miljocertifieringar\/","title":{"rendered":"Milj\u00f6certifieringar"},"content":{"rendered":"<p>[et_pb_section fb_built=&#8221;1&#8243; admin_label=&#8221;Hero&#8221; _builder_version=&#8221;4.0.6&#8243; background_image=&#8221;https:\/\/klspureprint.dk\/wp-content\/uploads\/2019\/08\/KLS_Figur.png&#8221; background_position=&#8221;bottom_center&#8221; custom_padding=&#8221;||100px||false|false&#8221; animation_style=&#8221;zoom&#8221; animation_intensity_zoom=&#8221;4%&#8221;][et_pb_row _builder_version=&#8221;3.25&#8243; background_size=&#8221;initial&#8221; background_position=&#8221;top_left&#8221; background_repeat=&#8221;repeat&#8221; custom_padding=&#8221;|||&#8221; animation_style=&#8221;slide&#8221; animation_direction=&#8221;top&#8221; animation_intensity_slide=&#8221;3%&#8221;][et_pb_column type=&#8221;4_4&#8243; _builder_version=&#8221;3.25&#8243; custom_padding=&#8221;|||&#8221; custom_padding__hover=&#8221;|||&#8221;][et_pb_text _builder_version=&#8221;4.0.6&#8243; text_font=&#8221;||||||||&#8221; header_font=&#8221;Oswald|700||on|||||dotted&#8221; header_text_color=&#8221;#83bb26&#8243; header_font_size=&#8221;60px&#8221; header_line_height=&#8221;1.3em&#8221; background_size=&#8221;initial&#8221; background_position=&#8221;top_left&#8221; background_repeat=&#8221;repeat&#8221; custom_margin=&#8221;|||&#8221; custom_margin_tablet=&#8221;&#8221; custom_margin_phone=&#8221;50px||||false|false&#8221; custom_margin_last_edited=&#8221;on|phone&#8221; custom_padding_tablet=&#8221;&#8221; custom_padding_phone=&#8221;&#8221; custom_padding_last_edited=&#8221;on|phone&#8221; animation_style=&#8221;fade&#8221; header_text_align_tablet=&#8221;&#8221; header_text_align_phone=&#8221;center&#8221; header_text_align_last_edited=&#8221;on|phone&#8221; header_font_size_tablet=&#8221;&#8221; header_font_size_phone=&#8221;36px&#8221; header_font_size_last_edited=&#8221;on|phone&#8221; locked=&#8221;off&#8221;]<\/p>\n<div>\n<h1 class=\"P68B1DB1-Overskrift129\"><span lang=\"SV\">MILJ\u00d6CERTIFIERINGAR<\/span><\/h1>\n<\/div>\n<p>[\/et_pb_text][et_pb_divider show_divider=&#8221;off&#8221; disabled_on=&#8221;on|on|off%22&#8243; _builder_version=&#8221;3.2&#8243; max_width=&#8221;120px&#8221; animation_style=&#8221;slide&#8221; animation_direction=&#8221;top&#8221; animation_intensity_slide=&#8221;30%&#8221;][\/et_pb_divider][\/et_pb_column][\/et_pb_row][et_pb_row column_structure=&#8221;2_5,3_5&#8243; admin_label=&#8221;Project 01&#8243; _builder_version=&#8221;4.0.6&#8243; background_size=&#8221;initial&#8221; background_position=&#8221;top_left&#8221; background_repeat=&#8221;repeat&#8221; custom_margin=&#8221;-57px|auto||auto||&#8221; custom_padding=&#8221;||100px||false|false&#8221; collapsed=&#8221;off&#8221;][et_pb_column type=&#8221;2_5&#8243; _builder_version=&#8221;4.0.6&#8243; custom_padding=&#8221;0%||5%||false|false&#8221; custom_padding__hover=&#8221;|||&#8221;][et_pb_image src=&#8221;https:\/\/klspureprint.dk\/wp-content\/uploads\/KLS_Certificering.jpg&#8221; show_bottom_space=&#8221;off&#8221; align_tablet=&#8221;center&#8221; align_phone=&#8221;&#8221; align_last_edited=&#8221;on|desktop&#8221; _builder_version=&#8221;4.0.6&#8243; custom_margin=&#8221;0px||0px||false|false&#8221; custom_padding=&#8221;0px||0px||false|false&#8221; animation_style=&#8221;slide&#8221; animation_direction=&#8221;right&#8221; animation_intensity_slide=&#8221;10%&#8221; animation_starting_opacity=&#8221;100%&#8221; custom_css_main_element=&#8221;vertical-align: middle;||&#8221;][\/et_pb_image][\/et_pb_column][et_pb_column type=&#8221;3_5&#8243; _builder_version=&#8221;3.25&#8243; custom_padding=&#8221;|||&#8221; custom_padding__hover=&#8221;|||&#8221;][et_pb_cta button_url=&#8221;https:\/\/klspureprint.dk\/kontakt&#8221; _builder_version=&#8221;4.0.6&#8243; header_font=&#8221;Oswald|600|||||||&#8221; header_text_color=&#8221;#83bb26&#8243; header_line_height=&#8221;1.5em&#8221; body_font=&#8221;Oswald|300|||||||&#8221; body_text_color=&#8221;#444444&#8243; body_font_size=&#8221;18px&#8221; body_line_height=&#8221;1.8em&#8221; use_background_color=&#8221;off&#8221; background_size=&#8221;initial&#8221; background_position=&#8221;top_left&#8221; background_repeat=&#8221;repeat&#8221; custom_button=&#8221;on&#8221; button_text_size=&#8221;15px&#8221; button_text_color=&#8221;#ffffff&#8221; button_bg_color=&#8221;#83bb26&#8243; button_border_width=&#8221;4px&#8221; button_border_color=&#8221;#83bb26&#8243; button_border_radius=&#8221;0px&#8221; button_letter_spacing=&#8221;3px&#8221; button_font=&#8221;Oswald|||on|&#8221; button_use_icon=&#8221;off&#8221; button_alignment=&#8221;right&#8221; text_orientation=&#8221;left&#8221; background_layout=&#8221;light&#8221; custom_margin=&#8221;0px||0px||false|false&#8221; custom_padding=&#8221;0px||0px||false|false&#8221; animation_style=&#8221;slide&#8221; animation_direction=&#8221;top&#8221; animation_intensity_slide=&#8221;6%&#8221; button_bg_color_hover=&#8221;rgba(0,0,0,0)&#8221; button_text_size__hover_enabled=&#8221;off&#8221; button_one_text_size__hover_enabled=&#8221;off&#8221; button_two_text_size__hover_enabled=&#8221;off&#8221; button_text_color__hover_enabled=&#8221;off&#8221; button_one_text_color__hover_enabled=&#8221;off&#8221; button_two_text_color__hover_enabled=&#8221;off&#8221; button_border_width__hover_enabled=&#8221;off&#8221; button_one_border_width__hover_enabled=&#8221;off&#8221; button_two_border_width__hover_enabled=&#8221;off&#8221; button_border_color__hover_enabled=&#8221;on&#8221; button_one_border_color__hover_enabled=&#8221;off&#8221; button_two_border_color__hover_enabled=&#8221;off&#8221; button_border_radius__hover_enabled=&#8221;on|desktop&#8221; button_one_border_radius__hover_enabled=&#8221;off&#8221; button_two_border_radius__hover_enabled=&#8221;off&#8221; button_letter_spacing__hover_enabled=&#8221;on&#8221; button_one_letter_spacing__hover_enabled=&#8221;off&#8221; button_two_letter_spacing__hover_enabled=&#8221;off&#8221; button_bg_color__hover_enabled=&#8221;on|hover&#8221; button_bg_color__hover=&#8221;#83bb26&#8243; button_one_bg_color__hover_enabled=&#8221;off&#8221; button_two_bg_color__hover_enabled=&#8221;off&#8221; button_text_color__hover=&#8221;#ffffff&#8221; button_border_color__hover=&#8221;#83bb26&#8243; button_border_radius__hover=&#8221;0px&#8221; button_letter_spacing__hover=&#8221;3px&#8221; button_bg_enable_color__hover=&#8221;on&#8221;]<\/p>\n<div>\n<h2 class=\"P68B1DB1-Overskrift230\"><span lang=\"SV\">MILJ\u00d6M\u00c4RKEN BEVIS OCH SKYLDIGHETER<\/span><\/h2>\n<\/div>\n<div>\n<p class=\"P68B1DB1-NormalWeb13\"><span lang=\"SV\">Sedan 1996 har KLS PurePrint arbetat m\u00e5lmedvetet med att optimera alla milj\u00f6aspekter i b\u00e5de v\u00e5ra processer och produktion. Och det \u00e4r en process som aldrig tar slut. Idag \u00e4r f\u00f6retaget certifierat enligt ett antal av de mest relevanta milj\u00f6m\u00e4rkningarna och certifieringarna. Med dem har vi satt upp m\u00e5l och med dem kan vi dokumentera att de har uppfyllts. Det b\u00f6rjade med Svanenm\u00e4rkning 1997 och milj\u00f6styrningscertifikat ISO 14001 1999. Och 2008 tillkom FSC\u00ae-certifieringen (Forest Stewardship Council Certification) f\u00f6r h\u00e5llbart skogsbruk, och 2009 CO<sub>2<\/sub>\u00a0neutrale och Climate Neutral-certifikat.<\/span><\/p>\n<\/div>\n<h2>CRADLE-TO-CRADLE &#8211; DET ULTIMATIVA CERTIFIKATET<\/h2>\n<p>Efter utvecklingen av den 100 procent biologiskt nedbrytbara produkten PurePrint, certifierades KLS PurePrint enligt v\u00e4rldens str\u00e4ngaste milj\u00f6standard Cradle-to-Cradle i maj 2015.<\/p>\n<p><strong>Se v\u00e5re certifikater<\/strong><\/p>\n<p>[\/et_pb_cta][et_pb_button button_url=&#8221;https:\/\/klspureprint.dk\/wp-content\/uploads\/2020\/04\/20200330_Certifikat-Danmark.pdf&#8221; url_new_window=&#8221;on&#8221; button_text=&#8221;SVANEM\u00c6RKET CERTIFIKAT&#8221; button_alignment=&#8221;center&#8221; admin_label=&#8221;Knap&#8221; _builder_version=&#8221;4.0.6&#8243; custom_button=&#8221;on&#8221; button_text_size=&#8221;16px&#8221; button_text_color=&#8221;#ffffff&#8221; button_bg_color=&#8221;#83bb26&#8243; button_border_width=&#8221;6px&#8221; button_border_color=&#8221;#83bb26&#8243; button_border_radius=&#8221;0px&#8221; button_letter_spacing=&#8221;2px&#8221; button_font=&#8221;Oswald|||on|||||&#8221; button_icon=&#8221;%%3%%&#8221; button_icon_color=&#8221;#ffffff&#8221; custom_padding=&#8221;||1px|||&#8221; custom_css_main_element=&#8221;width: 50%&#8221;][\/et_pb_button][et_pb_button button_url=&#8221;https:\/\/klspureprint.dk\/wp-content\/uploads\/2017\/11\/KLS_Grafisk_Hus_A-S_ISO_14001-2004_Certificate_DNK_6.0_CC.pdf&#8221; url_new_window=&#8221;on&#8221; button_text=&#8221;ISO 14001 CERTIFIKAT&#8221; button_alignment=&#8221;center&#8221; admin_label=&#8221;Knap&#8221; _builder_version=&#8221;4.0.6&#8243; custom_button=&#8221;on&#8221; button_text_size=&#8221;16px&#8221; button_text_color=&#8221;#ffffff&#8221; button_bg_color=&#8221;#83bb26&#8243; button_border_width=&#8221;6px&#8221; button_border_color=&#8221;#83bb26&#8243; button_border_radius=&#8221;0px&#8221; button_letter_spacing=&#8221;2px&#8221; button_font=&#8221;Oswald|||on|||||&#8221; button_icon=&#8221;%%3%%&#8221; button_icon_color=&#8221;#ffffff&#8221; custom_css_main_element=&#8221;width: 50%&#8221;][\/et_pb_button][et_pb_button button_url=&#8221;https:\/\/klspureprint.dk\/wp-content\/uploads\/2018\/03\/KLS-PurePrint-A_S-FSC-COC-Certificate-1.3.2018-002.pdf&#8221; url_new_window=&#8221;on&#8221; button_text=&#8221;FSC CERTIFIKAT&#8221; button_alignment=&#8221;center&#8221; _builder_version=&#8221;4.0.6&#8243; custom_button=&#8221;on&#8221; button_text_size=&#8221;16px&#8221; button_text_color=&#8221;#ffffff&#8221; button_bg_color=&#8221;#83bb26&#8243; button_border_width=&#8221;6px&#8221; button_border_color=&#8221;#83bb26&#8243; button_border_radius=&#8221;0px&#8221; button_letter_spacing=&#8221;2px&#8221; button_font=&#8221;Oswald|||on|||||&#8221; button_icon=&#8221;%%3%%&#8221; button_icon_color=&#8221;#ffffff&#8221; custom_css_main_element=&#8221;width: 50%&#8221;][\/et_pb_button][et_pb_button button_url=&#8221;https:\/\/klspureprint.dk\/wp-content\/uploads\/2018\/04\/KLS-P_PureP_Silve_CERT3465_2018-04-16.pdf&#8221; url_new_window=&#8221;on&#8221; button_text=&#8221;CRADLE TO CRADLE CERTIFIKAT&#8221; button_alignment=&#8221;center&#8221; _builder_version=&#8221;4.0.6&#8243; custom_button=&#8221;on&#8221; button_text_size=&#8221;16px&#8221; button_text_color=&#8221;#ffffff&#8221; button_bg_color=&#8221;#83bb26&#8243; button_border_width=&#8221;6px&#8221; button_border_color=&#8221;#83bb26&#8243; button_border_radius=&#8221;0px&#8221; button_letter_spacing=&#8221;2px&#8221; button_font=&#8221;Oswald|||on|||||&#8221; button_icon=&#8221;%%3%%&#8221; button_icon_color=&#8221;#ffffff&#8221; custom_css_main_element=&#8221;width: 50%&#8221;][\/et_pb_button][\/et_pb_column][\/et_pb_row][\/et_pb_section]<\/p>\n","protected":false},"excerpt":{"rendered":"<p>MILJ\u00d6CERTIFIERINGAR MILJ\u00d6M\u00c4RKEN BEVIS OCH SKYLDIGHETER Sedan 1996 har KLS PurePrint arbetat m\u00e5lmedvetet med att optimera alla milj\u00f6aspekter i b\u00e5de v\u00e5ra processer och produktion. Och det \u00e4r en process som aldrig tar slut. Idag \u00e4r f\u00f6retaget certifierat enligt ett antal av de mest relevanta milj\u00f6m\u00e4rkningarna och certifieringarna. Med dem har vi satt upp m\u00e5l och med [&hellip;]<\/p>\n","protected":false},"author":15,"featured_media":0,"parent":0,"menu_order":0,"comment_status":"closed","ping_status":"closed","template":"","meta":{"_et_pb_use_builder":"on","_et_pb_old_content":"","_et_gb_content_width":"","footnotes":""},"class_list":["post-6318","page","type-page","status-publish","hentry"],"yoast_head":"<!-- This site is optimized with the Yoast SEO plugin v27.1.1 - https:\/\/yoast.com\/product\/yoast-seo-wordpress\/ -->\n<title>Milj\u00f6certifieringar - KLS PurePrint<\/title>\n<meta name=\"robots\" content=\"index, follow, max-snippet:-1, max-image-preview:large, max-video-preview:-1\" \/>\n<link rel=\"canonical\" href=\"https:\/\/klspureprint.dk\/sv\/miljocertifieringar\/\" \/>\n<meta property=\"og:locale\" content=\"sv_SE\" \/>\n<meta property=\"og:type\" content=\"article\" \/>\n<meta property=\"og:title\" content=\"Milj\u00f6certifieringar - KLS PurePrint\" \/>\n<meta property=\"og:description\" content=\"MILJ\u00d6CERTIFIERINGAR MILJ\u00d6M\u00c4RKEN BEVIS OCH SKYLDIGHETER Sedan 1996 har KLS PurePrint arbetat m\u00e5lmedvetet med att optimera alla milj\u00f6aspekter i b\u00e5de v\u00e5ra processer och produktion. Och det \u00e4r en process som aldrig tar slut. Idag \u00e4r f\u00f6retaget certifierat enligt ett antal av de mest relevanta milj\u00f6m\u00e4rkningarna och certifieringarna. Med dem har vi satt upp m\u00e5l och med [&hellip;]\" \/>\n<meta property=\"og:url\" content=\"https:\/\/klspureprint.dk\/sv\/miljocertifieringar\/\" \/>\n<meta property=\"og:site_name\" content=\"KLS PurePrint\" \/>\n<meta property=\"article:modified_time\" content=\"2023-01-05T14:18:46+00:00\" \/>\n<meta name=\"twitter:card\" content=\"summary_large_image\" \/>\n<meta name=\"twitter:label1\" content=\"Ber\u00e4knad l\u00e4stid\" \/>\n\t<meta name=\"twitter:data1\" content=\"2 minuter\" \/>\n<script type=\"application\/ld+json\" class=\"yoast-schema-graph\">{\"@context\":\"https:\/\/schema.org\",\"@graph\":[{\"@type\":\"WebPage\",\"@id\":\"https:\/\/klspureprint.dk\/sv\/miljocertifieringar\/\",\"url\":\"https:\/\/klspureprint.dk\/sv\/miljocertifieringar\/\",\"name\":\"Milj\u00f6certifieringar - KLS PurePrint\",\"isPartOf\":{\"@id\":\"https:\/\/klspureprint.dk\/#website\"},\"datePublished\":\"2022-12-19T12:13:45+00:00\",\"dateModified\":\"2023-01-05T14:18:46+00:00\",\"breadcrumb\":{\"@id\":\"https:\/\/klspureprint.dk\/sv\/miljocertifieringar\/#breadcrumb\"},\"inLanguage\":\"sv-SE\",\"potentialAction\":[{\"@type\":\"ReadAction\",\"target\":[\"https:\/\/klspureprint.dk\/sv\/miljocertifieringar\/\"]}]},{\"@type\":\"BreadcrumbList\",\"@id\":\"https:\/\/klspureprint.dk\/sv\/miljocertifieringar\/#breadcrumb\",\"itemListElement\":[{\"@type\":\"ListItem\",\"position\":1,\"name\":\"Hjem\",\"item\":\"https:\/\/klspureprint.dk\/sv\/\"},{\"@type\":\"ListItem\",\"position\":2,\"name\":\"Milj\u00f6certifieringar\"}]},{\"@type\":\"WebSite\",\"@id\":\"https:\/\/klspureprint.dk\/#website\",\"url\":\"https:\/\/klspureprint.dk\/\",\"name\":\"KLS PurePrint\",\"description\":\"\",\"potentialAction\":[{\"@type\":\"SearchAction\",\"target\":{\"@type\":\"EntryPoint\",\"urlTemplate\":\"https:\/\/klspureprint.dk\/?s={search_term_string}\"},\"query-input\":{\"@type\":\"PropertyValueSpecification\",\"valueRequired\":true,\"valueName\":\"search_term_string\"}}],\"inLanguage\":\"sv-SE\"}]}<\/script>\n<!-- \/ Yoast SEO plugin. -->","yoast_head_json":{"title":"Milj\u00f6certifieringar - KLS PurePrint","robots":{"index":"index","follow":"follow","max-snippet":"max-snippet:-1","max-image-preview":"max-image-preview:large","max-video-preview":"max-video-preview:-1"},"canonical":"https:\/\/klspureprint.dk\/sv\/miljocertifieringar\/","og_locale":"sv_SE","og_type":"article","og_title":"Milj\u00f6certifieringar - KLS PurePrint","og_description":"MILJ\u00d6CERTIFIERINGAR MILJ\u00d6M\u00c4RKEN BEVIS OCH SKYLDIGHETER Sedan 1996 har KLS PurePrint arbetat m\u00e5lmedvetet med att optimera alla milj\u00f6aspekter i b\u00e5de v\u00e5ra processer och produktion. Och det \u00e4r en process som aldrig tar slut. Idag \u00e4r f\u00f6retaget certifierat enligt ett antal av de mest relevanta milj\u00f6m\u00e4rkningarna och certifieringarna. Med dem har vi satt upp m\u00e5l och med [&hellip;]","og_url":"https:\/\/klspureprint.dk\/sv\/miljocertifieringar\/","og_site_name":"KLS PurePrint","article_modified_time":"2023-01-05T14:18:46+00:00","twitter_card":"summary_large_image","twitter_misc":{"Ber\u00e4knad l\u00e4stid":"2 minuter"},"schema":{"@context":"https:\/\/schema.org","@graph":[{"@type":"WebPage","@id":"https:\/\/klspureprint.dk\/sv\/miljocertifieringar\/","url":"https:\/\/klspureprint.dk\/sv\/miljocertifieringar\/","name":"Milj\u00f6certifieringar - KLS PurePrint","isPartOf":{"@id":"https:\/\/klspureprint.dk\/#website"},"datePublished":"2022-12-19T12:13:45+00:00","dateModified":"2023-01-05T14:18:46+00:00","breadcrumb":{"@id":"https:\/\/klspureprint.dk\/sv\/miljocertifieringar\/#breadcrumb"},"inLanguage":"sv-SE","potentialAction":[{"@type":"ReadAction","target":["https:\/\/klspureprint.dk\/sv\/miljocertifieringar\/"]}]},{"@type":"BreadcrumbList","@id":"https:\/\/klspureprint.dk\/sv\/miljocertifieringar\/#breadcrumb","itemListElement":[{"@type":"ListItem","position":1,"name":"Hjem","item":"https:\/\/klspureprint.dk\/sv\/"},{"@type":"ListItem","position":2,"name":"Milj\u00f6certifieringar"}]},{"@type":"WebSite","@id":"https:\/\/klspureprint.dk\/#website","url":"https:\/\/klspureprint.dk\/","name":"KLS PurePrint","description":"","potentialAction":[{"@type":"SearchAction","target":{"@type":"EntryPoint","urlTemplate":"https:\/\/klspureprint.dk\/?s={search_term_string}"},"query-input":{"@type":"PropertyValueSpecification","valueRequired":true,"valueName":"search_term_string"}}],"inLanguage":"sv-SE"}]}},"_links":{"self":[{"href":"https:\/\/klspureprint.dk\/sv\/wp-json\/wp\/v2\/pages\/6318","targetHints":{"allow":["GET"]}}],"collection":[{"href":"https:\/\/klspureprint.dk\/sv\/wp-json\/wp\/v2\/pages"}],"about":[{"href":"https:\/\/klspureprint.dk\/sv\/wp-json\/wp\/v2\/types\/page"}],"author":[{"embeddable":true,"href":"https:\/\/klspureprint.dk\/sv\/wp-json\/wp\/v2\/users\/15"}],"replies":[{"embeddable":true,"href":"https:\/\/klspureprint.dk\/sv\/wp-json\/wp\/v2\/comments?post=6318"}],"version-history":[{"count":3,"href":"https:\/\/klspureprint.dk\/sv\/wp-json\/wp\/v2\/pages\/6318\/revisions"}],"predecessor-version":[{"id":7390,"href":"https:\/\/klspureprint.dk\/sv\/wp-json\/wp\/v2\/pages\/6318\/revisions\/7390"}],"wp:attachment":[{"href":"https:\/\/klspureprint.dk\/sv\/wp-json\/wp\/v2\/media?parent=6318"}],"curies":[{"name":"wp","href":"https:\/\/api.w.org\/{rel}","templated":true}]}}