{"id":6320,"date":"2022-12-19T13:13:46","date_gmt":"2022-12-19T12:13:46","guid":{"rendered":"https:\/\/klspureprint.dk\/?page_id=6320"},"modified":"2023-03-23T14:41:28","modified_gmt":"2023-03-23T13:41:28","slug":"miljopriser","status":"publish","type":"page","link":"https:\/\/klspureprint.dk\/sv\/miljopriser\/","title":{"rendered":"Milj\u00f6priser"},"content":{"rendered":"<p>[et_pb_section fb_built=&#8221;1&#8243; admin_label=&#8221;Hero&#8221; _builder_version=&#8221;4.0.6&#8243; background_image=&#8221;https:\/\/klspureprint.dk\/wp-content\/uploads\/2019\/08\/KLS_Figur.png&#8221; background_position=&#8221;bottom_center&#8221; custom_padding=&#8221;||100px||false|false&#8221; animation_style=&#8221;zoom&#8221; animation_intensity_zoom=&#8221;4%&#8221;][et_pb_row _builder_version=&#8221;3.25&#8243; background_size=&#8221;initial&#8221; background_position=&#8221;top_left&#8221; background_repeat=&#8221;repeat&#8221; custom_padding=&#8221;|||&#8221; animation_style=&#8221;slide&#8221; animation_direction=&#8221;top&#8221; animation_intensity_slide=&#8221;3%&#8221;][et_pb_column type=&#8221;4_4&#8243; _builder_version=&#8221;3.25&#8243; custom_padding=&#8221;|||&#8221; custom_padding__hover=&#8221;|||&#8221;][et_pb_text _builder_version=&#8221;4.0.6&#8243; text_font=&#8221;||||||||&#8221; header_font=&#8221;Oswald|700||on|||||dotted&#8221; header_text_color=&#8221;#83bb26&#8243; header_font_size=&#8221;60px&#8221; header_line_height=&#8221;1.3em&#8221; background_size=&#8221;initial&#8221; background_position=&#8221;top_left&#8221; background_repeat=&#8221;repeat&#8221; custom_margin=&#8221;|||&#8221; custom_margin_tablet=&#8221;&#8221; custom_margin_phone=&#8221;50px||||false|false&#8221; custom_margin_last_edited=&#8221;on|phone&#8221; custom_padding_tablet=&#8221;&#8221; custom_padding_phone=&#8221;&#8221; custom_padding_last_edited=&#8221;on|phone&#8221; animation_style=&#8221;fade&#8221; hover_enabled=&#8221;0&#8243; header_text_align_tablet=&#8221;&#8221; header_text_align_phone=&#8221;center&#8221; header_text_align_last_edited=&#8221;on|phone&#8221; header_font_size_tablet=&#8221;&#8221; header_font_size_phone=&#8221;36px&#8221; header_font_size_last_edited=&#8221;on|phone&#8221; locked=&#8221;off&#8221;]<\/p>\n<div>\n<h1 class=\"P68B1DB1-Overskrift129\"><span lang=\"SV\">MILJ\u00d6PRISER<\/span><\/h1>\n<\/div>\n<p>[\/et_pb_text][et_pb_divider show_divider=&#8221;off&#8221; disabled_on=&#8221;on|on|off%22&#8243; _builder_version=&#8221;3.2&#8243; max_width=&#8221;120px&#8221; animation_style=&#8221;slide&#8221; animation_direction=&#8221;top&#8221; animation_intensity_slide=&#8221;30%&#8221;][\/et_pb_divider][\/et_pb_column][\/et_pb_row][et_pb_row column_structure=&#8221;2_5,3_5&#8243; admin_label=&#8221;Project 01&#8243; _builder_version=&#8221;4.0.6&#8243; background_size=&#8221;initial&#8221; background_position=&#8221;top_left&#8221; background_repeat=&#8221;repeat&#8221; custom_margin=&#8221;-57px|auto||auto||&#8221; custom_padding=&#8221;||100px||false|false&#8221;][et_pb_column type=&#8221;2_5&#8243; _builder_version=&#8221;4.0.6&#8243; custom_padding=&#8221;0%||5%||false|false&#8221; custom_padding__hover=&#8221;|||&#8221;][et_pb_image src=&#8221;https:\/\/klspureprint.dk\/wp-content\/uploads\/KLS_Milj\u00f8awards.jpg&#8221; show_bottom_space=&#8221;off&#8221; align_tablet=&#8221;center&#8221; align_phone=&#8221;&#8221; align_last_edited=&#8221;on|desktop&#8221; _builder_version=&#8221;4.0.6&#8243; custom_margin=&#8221;0px||0px||false|false&#8221; custom_padding=&#8221;0px||0px||false|false&#8221; animation_style=&#8221;slide&#8221; animation_direction=&#8221;right&#8221; animation_intensity_slide=&#8221;10%&#8221; animation_starting_opacity=&#8221;100%&#8221; hover_enabled=&#8221;0&#8243; custom_css_main_element=&#8221;vertical-align: middle;||&#8221;][\/et_pb_image][\/et_pb_column][et_pb_column type=&#8221;3_5&#8243; _builder_version=&#8221;3.25&#8243; custom_padding=&#8221;|||&#8221; custom_padding__hover=&#8221;|||&#8221;][et_pb_cta button_url=&#8221;https:\/\/klspureprint.dk\/nyhedsbrev\/kls-pureprint-vinder-international-csr-pris\/&#8221; button_text=&#8221;L\u00c6S MERE&#8221; _builder_version=&#8221;4.0.6&#8243; header_font=&#8221;Oswald|600|||||||&#8221; header_text_color=&#8221;#83bb26&#8243; header_line_height=&#8221;1.5em&#8221; body_font=&#8221;Oswald|300|||||||&#8221; body_text_color=&#8221;#444444&#8243; body_font_size=&#8221;18px&#8221; body_line_height=&#8221;1.8em&#8221; use_background_color=&#8221;off&#8221; background_size=&#8221;initial&#8221; background_position=&#8221;top_left&#8221; background_repeat=&#8221;repeat&#8221; custom_button=&#8221;on&#8221; button_text_size=&#8221;15px&#8221; button_text_color=&#8221;#ffffff&#8221; button_bg_color=&#8221;#83bb26&#8243; button_border_width=&#8221;4px&#8221; button_border_color=&#8221;#83bb26&#8243; button_border_radius=&#8221;0px&#8221; button_letter_spacing=&#8221;3px&#8221; button_font=&#8221;Oswald|||on|&#8221; button_use_icon=&#8221;off&#8221; button_alignment=&#8221;right&#8221; text_orientation=&#8221;left&#8221; background_layout=&#8221;light&#8221; custom_margin=&#8221;0px||0px||false|false&#8221; custom_padding=&#8221;0px||0px||false|false&#8221; animation_style=&#8221;slide&#8221; animation_direction=&#8221;top&#8221; animation_intensity_slide=&#8221;6%&#8221; hover_enabled=&#8221;0&#8243; button_bg_color_hover=&#8221;rgba(0,0,0,0)&#8221; button_text_size__hover_enabled=&#8221;off&#8221; button_one_text_size__hover_enabled=&#8221;off&#8221; button_two_text_size__hover_enabled=&#8221;off&#8221; button_text_color__hover_enabled=&#8221;off&#8221; button_one_text_color__hover_enabled=&#8221;off&#8221; button_two_text_color__hover_enabled=&#8221;off&#8221; button_border_width__hover_enabled=&#8221;off&#8221; button_one_border_width__hover_enabled=&#8221;off&#8221; button_two_border_width__hover_enabled=&#8221;off&#8221; button_border_color__hover_enabled=&#8221;on&#8221; button_one_border_color__hover_enabled=&#8221;off&#8221; button_two_border_color__hover_enabled=&#8221;off&#8221; button_border_radius__hover_enabled=&#8221;on|desktop&#8221; button_one_border_radius__hover_enabled=&#8221;off&#8221; button_two_border_radius__hover_enabled=&#8221;off&#8221; button_letter_spacing__hover_enabled=&#8221;on&#8221; button_one_letter_spacing__hover_enabled=&#8221;off&#8221; button_two_letter_spacing__hover_enabled=&#8221;off&#8221; button_bg_color__hover_enabled=&#8221;on|hover&#8221; button_bg_color__hover=&#8221;#83bb26&#8243; button_one_bg_color__hover_enabled=&#8221;off&#8221; button_two_bg_color__hover_enabled=&#8221;off&#8221; button_text_color__hover=&#8221;#ffffff&#8221; button_border_color__hover=&#8221;#83bb26&#8243; button_border_radius__hover=&#8221;0px&#8221; button_letter_spacing__hover=&#8221;3px&#8221; button_bg_enable_color__hover=&#8221;on&#8221;]<\/p>\n<div>\n<h2 class=\"P68B1DB1-Overskrift230\"><span lang=\"SV\">BEL\u00d6NAD F\u00d6R MILJ\u00d6INSATSER<\/span><\/h2>\n<\/div>\n<div>\n<p class=\"P68B1DB1-NormalWeb13\"><span lang=\"SV\">KLS PurePrint har genom \u00e5ren f\u00e5tt ett flertal utm\u00e4rkelser f\u00f6r sitt vision\u00e4ra arbete med milj\u00f6 och klimat. Redan 2001 fick f\u00f6retaget Hvidovre kommuns Milj\u00f6pris f\u00f6r beslutet att vara v\u00e4rldens gr\u00f6naste tryckeri \u2013 och f\u00f6r att ha lagt konkreta planer f\u00f6r att n\u00e5 den ambitionen.<\/span><\/p>\n<\/div>\n<div>\n<p class=\"P68B1DB1-NormalWeb13\"><span lang=\"SV\">2012 fick KLS PurePrint \u00e5terigen Hvidovre kommuns Milj\u00f6pris f\u00f6r att ha kommit l\u00e5ngt med milj\u00f6- och klimatsatsningar och f\u00f6r att ha initierat utvecklingen av PurePrint som ska resultera i 100 procent biologiskt nedbrytbara trycksaker.<\/span><\/p>\n<\/div>\n<div>\n<p class=\"P68B1DB1-NormalWeb13\"><span lang=\"SV\">2008 tilldelades KLS PurePrint Climate Cup Strategy Award f\u00f6r att vara Danmarks f\u00f6rsta CO2-neutrala tryckeri.<\/span><\/p>\n<\/div>\n<div>\n<p class=\"P68B1DB1-NormalWeb13\"><span lang=\"SV\">KLS PurePrint vinner f\u00f6r att f\u00f6retaget visar ett tydligt ledarskap inom sin bransch \u2013 och har som m\u00e5l att p\u00e5verka kunder och aff\u00e4rspartners att ta st\u00e4llning till klimatf\u00f6r\u00e4ndringarna, s\u00e4ger domarpanelen.<\/span><\/p>\n<\/div>\n<div>\n<p class=\"P68B1DB1-NormalWeb13\"><span lang=\"SV\">2016 uts\u00e5gs KLS PurePrint till \u00c5rets f\u00f6retag i Hvidovre kommun efter att ha gjort PurePrint till verklighet och lanserat det 2015.<\/span><\/p>\n<\/div>\n<div>\n<p class=\"P68B1DB1-NormalWeb13\"><span lang=\"SV\">I augusti 2016 vinner KLS PurePrint det framst\u00e5ende CSR-priset TRIGOS, tillsammans med det \u00f6sterrikiska tryckeriet gugler*. Vi f\u00e5r priset f\u00f6r arbetet med Cradle to Cradle-certifierade trycksaker.<\/span><\/p>\n<\/div>\n<div>\n<p class=\"P68B1DB1-NormalWeb13\"><span lang=\"SV\">2019 vinner KLS PurePrint 2019 \u00e5rs Food Innovation Award, f\u00f6r utveckling av h\u00e5llbara f\u00f6rpackningar. Priset delas ut som ett erk\u00e4nnande av insatser fr\u00e5n f\u00f6retag som s\u00e4tter en h\u00e5llbar pr\u00e4gel p\u00e5 Danmark.<\/span><\/p>\n<\/div>\n<p>[\/et_pb_cta][\/et_pb_column][\/et_pb_row][\/et_pb_section]<\/p>\n","protected":false},"excerpt":{"rendered":"<p>MILJ\u00d6PRISER BEL\u00d6NAD F\u00d6R MILJ\u00d6INSATSER KLS PurePrint har genom \u00e5ren f\u00e5tt ett flertal utm\u00e4rkelser f\u00f6r sitt vision\u00e4ra arbete med milj\u00f6 och klimat. Redan 2001 fick f\u00f6retaget Hvidovre kommuns Milj\u00f6pris f\u00f6r beslutet att vara v\u00e4rldens gr\u00f6naste tryckeri \u2013 och f\u00f6r att ha lagt konkreta planer f\u00f6r att n\u00e5 den ambitionen. 2012 fick KLS PurePrint \u00e5terigen Hvidovre kommuns [&hellip;]<\/p>\n","protected":false},"author":15,"featured_media":0,"parent":0,"menu_order":0,"comment_status":"closed","ping_status":"closed","template":"","meta":{"_et_pb_use_builder":"on","_et_pb_old_content":"","_et_gb_content_width":"","footnotes":""},"class_list":["post-6320","page","type-page","status-publish","hentry"],"yoast_head":"<!-- This site is optimized with the Yoast SEO plugin v27.5 - https:\/\/yoast.com\/product\/yoast-seo-wordpress\/ -->\n<title>Milj\u00f6priser - KLS PurePrint<\/title>\n<meta name=\"robots\" content=\"index, follow, max-snippet:-1, max-image-preview:large, max-video-preview:-1\" \/>\n<link rel=\"canonical\" href=\"https:\/\/klspureprint.dk\/miljoepriser\/\" \/>\n<meta property=\"og:locale\" content=\"sv_SE\" \/>\n<meta property=\"og:type\" content=\"article\" \/>\n<meta property=\"og:title\" content=\"Milj\u00f6priser - KLS PurePrint\" \/>\n<meta property=\"og:description\" content=\"MILJ\u00d6PRISER BEL\u00d6NAD F\u00d6R MILJ\u00d6INSATSER KLS PurePrint har genom \u00e5ren f\u00e5tt ett flertal utm\u00e4rkelser f\u00f6r sitt vision\u00e4ra arbete med milj\u00f6 och klimat. Redan 2001 fick f\u00f6retaget Hvidovre kommuns Milj\u00f6pris f\u00f6r beslutet att vara v\u00e4rldens gr\u00f6naste tryckeri \u2013 och f\u00f6r att ha lagt konkreta planer f\u00f6r att n\u00e5 den ambitionen. 2012 fick KLS PurePrint \u00e5terigen Hvidovre kommuns [&hellip;]\" \/>\n<meta property=\"og:url\" content=\"https:\/\/klspureprint.dk\/miljoepriser\/\" \/>\n<meta property=\"og:site_name\" content=\"KLS PurePrint\" \/>\n<meta property=\"article:modified_time\" content=\"2023-03-23T13:41:28+00:00\" \/>\n<meta name=\"twitter:card\" content=\"summary_large_image\" \/>\n<meta name=\"twitter:label1\" content=\"Ber\u00e4knad l\u00e4stid\" \/>\n\t<meta name=\"twitter:data1\" content=\"2 minuter\" \/>\n<script type=\"application\/ld+json\" class=\"yoast-schema-graph\">{\"@context\":\"https:\\\/\\\/schema.org\",\"@graph\":[{\"@type\":\"WebPage\",\"@id\":\"https:\\\/\\\/klspureprint.dk\\\/miljoepriser\\\/\",\"url\":\"https:\\\/\\\/klspureprint.dk\\\/miljoepriser\\\/\",\"name\":\"Milj\u00f6priser - KLS PurePrint\",\"isPartOf\":{\"@id\":\"https:\\\/\\\/klspureprint.dk\\\/#website\"},\"datePublished\":\"2022-12-19T12:13:46+00:00\",\"dateModified\":\"2023-03-23T13:41:28+00:00\",\"breadcrumb\":{\"@id\":\"https:\\\/\\\/klspureprint.dk\\\/miljoepriser\\\/#breadcrumb\"},\"inLanguage\":\"sv-SE\",\"potentialAction\":[{\"@type\":\"ReadAction\",\"target\":[\"https:\\\/\\\/klspureprint.dk\\\/miljoepriser\\\/\"]}]},{\"@type\":\"BreadcrumbList\",\"@id\":\"https:\\\/\\\/klspureprint.dk\\\/miljoepriser\\\/#breadcrumb\",\"itemListElement\":[{\"@type\":\"ListItem\",\"position\":1,\"name\":\"Hjem\",\"item\":\"https:\\\/\\\/klspureprint.dk\\\/sv\\\/\"},{\"@type\":\"ListItem\",\"position\":2,\"name\":\"Milj\u00f6priser\"}]},{\"@type\":\"WebSite\",\"@id\":\"https:\\\/\\\/klspureprint.dk\\\/#website\",\"url\":\"https:\\\/\\\/klspureprint.dk\\\/\",\"name\":\"KLS PurePrint\",\"description\":\"\",\"potentialAction\":[{\"@type\":\"SearchAction\",\"target\":{\"@type\":\"EntryPoint\",\"urlTemplate\":\"https:\\\/\\\/klspureprint.dk\\\/?s={search_term_string}\"},\"query-input\":{\"@type\":\"PropertyValueSpecification\",\"valueRequired\":true,\"valueName\":\"search_term_string\"}}],\"inLanguage\":\"sv-SE\"}]}<\/script>\n<!-- \/ Yoast SEO plugin. -->","yoast_head_json":{"title":"Milj\u00f6priser - KLS PurePrint","robots":{"index":"index","follow":"follow","max-snippet":"max-snippet:-1","max-image-preview":"max-image-preview:large","max-video-preview":"max-video-preview:-1"},"canonical":"https:\/\/klspureprint.dk\/miljoepriser\/","og_locale":"sv_SE","og_type":"article","og_title":"Milj\u00f6priser - KLS PurePrint","og_description":"MILJ\u00d6PRISER BEL\u00d6NAD F\u00d6R MILJ\u00d6INSATSER KLS PurePrint har genom \u00e5ren f\u00e5tt ett flertal utm\u00e4rkelser f\u00f6r sitt vision\u00e4ra arbete med milj\u00f6 och klimat. Redan 2001 fick f\u00f6retaget Hvidovre kommuns Milj\u00f6pris f\u00f6r beslutet att vara v\u00e4rldens gr\u00f6naste tryckeri \u2013 och f\u00f6r att ha lagt konkreta planer f\u00f6r att n\u00e5 den ambitionen. 2012 fick KLS PurePrint \u00e5terigen Hvidovre kommuns [&hellip;]","og_url":"https:\/\/klspureprint.dk\/miljoepriser\/","og_site_name":"KLS PurePrint","article_modified_time":"2023-03-23T13:41:28+00:00","twitter_card":"summary_large_image","twitter_misc":{"Ber\u00e4knad l\u00e4stid":"2 minuter"},"schema":{"@context":"https:\/\/schema.org","@graph":[{"@type":"WebPage","@id":"https:\/\/klspureprint.dk\/miljoepriser\/","url":"https:\/\/klspureprint.dk\/miljoepriser\/","name":"Milj\u00f6priser - KLS PurePrint","isPartOf":{"@id":"https:\/\/klspureprint.dk\/#website"},"datePublished":"2022-12-19T12:13:46+00:00","dateModified":"2023-03-23T13:41:28+00:00","breadcrumb":{"@id":"https:\/\/klspureprint.dk\/miljoepriser\/#breadcrumb"},"inLanguage":"sv-SE","potentialAction":[{"@type":"ReadAction","target":["https:\/\/klspureprint.dk\/miljoepriser\/"]}]},{"@type":"BreadcrumbList","@id":"https:\/\/klspureprint.dk\/miljoepriser\/#breadcrumb","itemListElement":[{"@type":"ListItem","position":1,"name":"Hjem","item":"https:\/\/klspureprint.dk\/sv\/"},{"@type":"ListItem","position":2,"name":"Milj\u00f6priser"}]},{"@type":"WebSite","@id":"https:\/\/klspureprint.dk\/#website","url":"https:\/\/klspureprint.dk\/","name":"KLS PurePrint","description":"","potentialAction":[{"@type":"SearchAction","target":{"@type":"EntryPoint","urlTemplate":"https:\/\/klspureprint.dk\/?s={search_term_string}"},"query-input":{"@type":"PropertyValueSpecification","valueRequired":true,"valueName":"search_term_string"}}],"inLanguage":"sv-SE"}]}},"_links":{"self":[{"href":"https:\/\/klspureprint.dk\/sv\/wp-json\/wp\/v2\/pages\/6320","targetHints":{"allow":["GET"]}}],"collection":[{"href":"https:\/\/klspureprint.dk\/sv\/wp-json\/wp\/v2\/pages"}],"about":[{"href":"https:\/\/klspureprint.dk\/sv\/wp-json\/wp\/v2\/types\/page"}],"author":[{"embeddable":true,"href":"https:\/\/klspureprint.dk\/sv\/wp-json\/wp\/v2\/users\/15"}],"replies":[{"embeddable":true,"href":"https:\/\/klspureprint.dk\/sv\/wp-json\/wp\/v2\/comments?post=6320"}],"version-history":[{"count":1,"href":"https:\/\/klspureprint.dk\/sv\/wp-json\/wp\/v2\/pages\/6320\/revisions"}],"predecessor-version":[{"id":6321,"href":"https:\/\/klspureprint.dk\/sv\/wp-json\/wp\/v2\/pages\/6320\/revisions\/6321"}],"wp:attachment":[{"href":"https:\/\/klspureprint.dk\/sv\/wp-json\/wp\/v2\/media?parent=6320"}],"curies":[{"name":"wp","href":"https:\/\/api.w.org\/{rel}","templated":true}]}}