{"id":6324,"date":"2022-12-19T13:13:51","date_gmt":"2022-12-19T12:13:51","guid":{"rendered":"https:\/\/klspureprint.dk\/?page_id=6324"},"modified":"2023-03-23T15:31:55","modified_gmt":"2023-03-23T14:31:55","slug":"pureprint","status":"publish","type":"page","link":"https:\/\/klspureprint.dk\/sv\/pureprint\/","title":{"rendered":"PurePrint &#8211; sv"},"content":{"rendered":"<p>[et_pb_section fb_built=&#8221;1&#8243; admin_label=&#8221;Hero&#8221; _builder_version=&#8221;4.0.6&#8243; background_image=&#8221;https:\/\/klspureprint.dk\/wp-content\/uploads\/2019\/08\/KLS_Figur.png&#8221; background_position=&#8221;bottom_center&#8221; custom_padding=&#8221;||100px||false|false&#8221; animation_style=&#8221;zoom&#8221; animation_intensity_zoom=&#8221;4%&#8221;][et_pb_row _builder_version=&#8221;3.25&#8243; background_size=&#8221;initial&#8221; background_position=&#8221;top_left&#8221; background_repeat=&#8221;repeat&#8221; custom_padding=&#8221;|||&#8221; animation_style=&#8221;slide&#8221; animation_direction=&#8221;top&#8221; animation_intensity_slide=&#8221;3%&#8221;][et_pb_column type=&#8221;4_4&#8243; _builder_version=&#8221;3.25&#8243; custom_padding=&#8221;|||&#8221; custom_padding__hover=&#8221;|||&#8221;][et_pb_text _builder_version=&#8221;4.0.6&#8243; text_font=&#8221;||||||||&#8221; header_font=&#8221;Oswald|700||on|||||dotted&#8221; header_text_color=&#8221;#83bb26&#8243; header_font_size=&#8221;60px&#8221; header_line_height=&#8221;1.3em&#8221; background_size=&#8221;initial&#8221; background_position=&#8221;top_left&#8221; background_repeat=&#8221;repeat&#8221; custom_margin=&#8221;|||&#8221; custom_margin_tablet=&#8221;&#8221; custom_margin_phone=&#8221;50px||||false|false&#8221; custom_margin_last_edited=&#8221;on|phone&#8221; custom_padding_tablet=&#8221;&#8221; custom_padding_phone=&#8221;&#8221; custom_padding_last_edited=&#8221;on|phone&#8221; animation_style=&#8221;fade&#8221; hover_enabled=&#8221;0&#8243; header_text_align_tablet=&#8221;&#8221; header_text_align_phone=&#8221;center&#8221; header_text_align_last_edited=&#8221;on|phone&#8221; header_font_size_tablet=&#8221;&#8221; header_font_size_phone=&#8221;36px&#8221; header_font_size_last_edited=&#8221;on|phone&#8221; locked=&#8221;off&#8221;]<\/p>\n<h1>PUREPRINT<\/h1>\n<p>[\/et_pb_text][et_pb_divider show_divider=&#8221;off&#8221; disabled_on=&#8221;on|on|off%22&#8243; _builder_version=&#8221;3.2&#8243; max_width=&#8221;120px&#8221; animation_style=&#8221;slide&#8221; animation_direction=&#8221;top&#8221; animation_intensity_slide=&#8221;30%&#8221;][\/et_pb_divider][\/et_pb_column][\/et_pb_row][et_pb_row column_structure=&#8221;2_5,3_5&#8243; admin_label=&#8221;Project 01&#8243; _builder_version=&#8221;4.0.6&#8243; background_size=&#8221;initial&#8221; background_position=&#8221;top_left&#8221; background_repeat=&#8221;repeat&#8221; custom_margin=&#8221;-57px|auto||auto||&#8221; custom_padding=&#8221;||100px||false|false&#8221;][et_pb_column type=&#8221;2_5&#8243; _builder_version=&#8221;4.0.6&#8243; custom_padding=&#8221;0%||5%||false|false&#8221; custom_padding__hover=&#8221;|||&#8221;][et_pb_image src=&#8221;https:\/\/klspureprint.dk\/wp-content\/uploads\/KLS_PurePrint2.jpg&#8221; show_bottom_space=&#8221;off&#8221; align_tablet=&#8221;center&#8221; align_phone=&#8221;&#8221; align_last_edited=&#8221;on|desktop&#8221; _builder_version=&#8221;4.0.6&#8243; custom_margin=&#8221;0px||0px||false|false&#8221; custom_padding=&#8221;0px||0px||false|false&#8221; animation_style=&#8221;slide&#8221; animation_direction=&#8221;right&#8221; animation_intensity_slide=&#8221;10%&#8221; animation_starting_opacity=&#8221;100%&#8221; hover_enabled=&#8221;0&#8243; custom_css_main_element=&#8221;vertical-align: middle;||&#8221;][\/et_pb_image][\/et_pb_column][et_pb_column type=&#8221;3_5&#8243; _builder_version=&#8221;3.25&#8243; custom_padding=&#8221;|||&#8221; custom_padding__hover=&#8221;|||&#8221;][et_pb_cta button_url=&#8221;https:\/\/klspureprint.dk\/sv\/kontakta-oss\/&#8221; button_text=&#8221;Kontakt os&#8221; _builder_version=&#8221;4.0.6&#8243; header_font=&#8221;Oswald|600|||||||&#8221; header_text_color=&#8221;#83bb26&#8243; header_line_height=&#8221;1.5em&#8221; body_font=&#8221;Oswald|300|||||||&#8221; body_text_color=&#8221;#444444&#8243; body_font_size=&#8221;18px&#8221; body_line_height=&#8221;1.8em&#8221; use_background_color=&#8221;off&#8221; background_size=&#8221;initial&#8221; background_position=&#8221;top_left&#8221; background_repeat=&#8221;repeat&#8221; custom_button=&#8221;on&#8221; button_text_size=&#8221;15px&#8221; button_text_color=&#8221;#ffffff&#8221; button_bg_color=&#8221;#83bb26&#8243; button_border_width=&#8221;4px&#8221; button_border_color=&#8221;#83bb26&#8243; button_border_radius=&#8221;0px&#8221; button_letter_spacing=&#8221;3px&#8221; button_font=&#8221;Oswald|||on|&#8221; button_use_icon=&#8221;off&#8221; button_alignment=&#8221;right&#8221; text_orientation=&#8221;left&#8221; background_layout=&#8221;light&#8221; custom_margin=&#8221;0px||0px||false|false&#8221; custom_padding=&#8221;0px||0px||false|false&#8221; animation_style=&#8221;slide&#8221; animation_direction=&#8221;top&#8221; animation_intensity_slide=&#8221;6%&#8221; hover_enabled=&#8221;0&#8243; button_bg_color_hover=&#8221;rgba(0,0,0,0)&#8221; button_text_size__hover_enabled=&#8221;off&#8221; button_one_text_size__hover_enabled=&#8221;off&#8221; button_two_text_size__hover_enabled=&#8221;off&#8221; button_text_color__hover_enabled=&#8221;off&#8221; button_one_text_color__hover_enabled=&#8221;off&#8221; button_two_text_color__hover_enabled=&#8221;off&#8221; button_border_width__hover_enabled=&#8221;off&#8221; button_one_border_width__hover_enabled=&#8221;off&#8221; button_two_border_width__hover_enabled=&#8221;off&#8221; button_border_color__hover_enabled=&#8221;on&#8221; button_one_border_color__hover_enabled=&#8221;off&#8221; button_two_border_color__hover_enabled=&#8221;off&#8221; button_border_radius__hover_enabled=&#8221;on|desktop&#8221; button_one_border_radius__hover_enabled=&#8221;off&#8221; button_two_border_radius__hover_enabled=&#8221;off&#8221; button_letter_spacing__hover_enabled=&#8221;on&#8221; button_one_letter_spacing__hover_enabled=&#8221;off&#8221; button_two_letter_spacing__hover_enabled=&#8221;off&#8221; button_bg_color__hover_enabled=&#8221;on|hover&#8221; button_bg_color__hover=&#8221;#83bb26&#8243; button_one_bg_color__hover_enabled=&#8221;off&#8221; button_two_bg_color__hover_enabled=&#8221;off&#8221; button_text_color__hover=&#8221;#ffffff&#8221; button_border_color__hover=&#8221;#83bb26&#8243; button_border_radius__hover=&#8221;0px&#8221; button_letter_spacing__hover=&#8221;3px&#8221; button_bg_enable_color__hover=&#8221;on&#8221;]<\/p>\n<h2>FULD B\u00c6REDYGTIGHED<\/h2>\n<p>Med PurePrint f\u00e5r du produkter, der er Cradle-to-Cradle-certificerede og milj\u00f8neutrale. De er produceret helt uden nogen former for skadelige kemikalier eller tungmetaller, og n\u00e5r de bliver nedbrudt indg\u00e5r de positivt i naturens eget kredsl\u00f8b. Vi anbefaler at anvende produkterne til genbrug, hvilket giver bedst udnyttelse af jordens ressourcer, men produkterne er ligeledes biologisk nedbrydelige. Det kalder vi fuld b\u00e6redygtighed, og det var det som var m\u00e5let for vores stort udviklingsprojekt.<\/p>\n<h2>ET STORT UDVIKLINGSPROJEKT<\/h2>\n<p>Udviklingen af PurePrint har taget mere end tre \u00e5r og har kostet flere millioner kroner. Heldigvis tiltrak projektet sig stor opm\u00e6rksomhed, s\u00e5 b\u00e5de Erhvervsstyrelsen, Gr\u00f8n Omstillingsfond og Hovedstadsregionen stillede udviklingsmidler til r\u00e5dighed for det banebrydende projekt.<\/p>\n<h2>NYE TRYKFARVER OG NYT PAPIR<\/h2>\n<p>Det kr\u00e6vede udvikling af nye trykfarver, nyt papir og nye hj\u00e6lpematerialer for at sikre et produkt, der var biologisk nedbrydeligt og s\u00e5 b\u00e6redygtigt som overhovedet muligt. Det var et langt st\u00f8rre projekt end vi havde regnet med. I mange \u00e5r havde vi gjort alt for at v\u00e6re s\u00e5 gr\u00f8nne som muligt, og vi havde bl.a. ISO 14001 milj\u00f8certificering, Svanem\u00e6rket, FSC og var CO<sub>2<\/sub><span>\u00a0<\/span>neutrale. Men inden af de produkter vi kunne f\u00e5 p\u00e5 markedet, kunne leve op til vores m\u00e5l om at v\u00e6re produceret helt uden skadelige kemikalier og tungmetaller. Samt var biologisk nedbrydelige. Derfor indledte vi et samarbejde med vision\u00e6re papirfabrikker, farvefabrikker m.v. for at udvikle vores rene produkt.<\/p>\n<h2>I MAJ 2015 LYKKEDES DET<\/h2>\n<p>I maj i 2015 producerede KLS PurePrint det f\u00f8rste PurePrint \u2013 en 100 procent biologisk nedbrydelige tryksag. Trykket var en plakat for Carlsberg med den ber\u00f8mte Carlsbergelefant, og det var tidligere milj\u00f8minister Ida Auken, CEO for Carlsberg Danmark Carsten H\u00e4nel og Hvidovre Kommunes borgmester Helle Adelborg, der trykkede p\u00e5 knappen.<\/p>\n<p>[\/et_pb_cta][\/et_pb_column][\/et_pb_row][\/et_pb_section]<\/p>\n","protected":false},"excerpt":{"rendered":"<p>PUREPRINT FULD B\u00c6REDYGTIGHED Med PurePrint f\u00e5r du produkter, der er Cradle-to-Cradle-certificerede og milj\u00f8neutrale. De er produceret helt uden nogen former for skadelige kemikalier eller tungmetaller, og n\u00e5r de bliver nedbrudt indg\u00e5r de positivt i naturens eget kredsl\u00f8b. Vi anbefaler at anvende produkterne til genbrug, hvilket giver bedst udnyttelse af jordens ressourcer, men produkterne er ligeledes [&hellip;]<\/p>\n","protected":false},"author":15,"featured_media":0,"parent":0,"menu_order":0,"comment_status":"closed","ping_status":"closed","template":"","meta":{"_et_pb_use_builder":"on","_et_pb_old_content":"","_et_gb_content_width":"","footnotes":""},"class_list":["post-6324","page","type-page","status-publish","hentry"],"yoast_head":"<!-- This site is optimized with the Yoast SEO plugin v27.1.1 - https:\/\/yoast.com\/product\/yoast-seo-wordpress\/ -->\n<title>PurePrint - sv - KLS PurePrint<\/title>\n<meta name=\"robots\" content=\"index, follow, max-snippet:-1, max-image-preview:large, max-video-preview:-1\" \/>\n<link rel=\"canonical\" href=\"https:\/\/klspureprint.dk\/baeredygtighed-pureprint\/\" \/>\n<meta property=\"og:locale\" content=\"sv_SE\" \/>\n<meta property=\"og:type\" content=\"article\" \/>\n<meta property=\"og:title\" content=\"PurePrint - sv - KLS PurePrint\" \/>\n<meta property=\"og:description\" content=\"PUREPRINT FULD B\u00c6REDYGTIGHED Med PurePrint f\u00e5r du produkter, der er Cradle-to-Cradle-certificerede og milj\u00f8neutrale. De er produceret helt uden nogen former for skadelige kemikalier eller tungmetaller, og n\u00e5r de bliver nedbrudt indg\u00e5r de positivt i naturens eget kredsl\u00f8b. Vi anbefaler at anvende produkterne til genbrug, hvilket giver bedst udnyttelse af jordens ressourcer, men produkterne er ligeledes [&hellip;]\" \/>\n<meta property=\"og:url\" content=\"https:\/\/klspureprint.dk\/baeredygtighed-pureprint\/\" \/>\n<meta property=\"og:site_name\" content=\"KLS PurePrint\" \/>\n<meta property=\"article:modified_time\" content=\"2023-03-23T14:31:55+00:00\" \/>\n<meta name=\"twitter:card\" content=\"summary_large_image\" \/>\n<meta name=\"twitter:label1\" content=\"Ber\u00e4knad l\u00e4stid\" \/>\n\t<meta name=\"twitter:data1\" content=\"3 minuter\" \/>\n<script type=\"application\/ld+json\" class=\"yoast-schema-graph\">{\"@context\":\"https:\/\/schema.org\",\"@graph\":[{\"@type\":\"WebPage\",\"@id\":\"https:\/\/klspureprint.dk\/baeredygtighed-pureprint\/\",\"url\":\"https:\/\/klspureprint.dk\/baeredygtighed-pureprint\/\",\"name\":\"PurePrint - sv - KLS PurePrint\",\"isPartOf\":{\"@id\":\"https:\/\/klspureprint.dk\/#website\"},\"datePublished\":\"2022-12-19T12:13:51+00:00\",\"dateModified\":\"2023-03-23T14:31:55+00:00\",\"breadcrumb\":{\"@id\":\"https:\/\/klspureprint.dk\/baeredygtighed-pureprint\/#breadcrumb\"},\"inLanguage\":\"sv-SE\",\"potentialAction\":[{\"@type\":\"ReadAction\",\"target\":[\"https:\/\/klspureprint.dk\/baeredygtighed-pureprint\/\"]}]},{\"@type\":\"BreadcrumbList\",\"@id\":\"https:\/\/klspureprint.dk\/baeredygtighed-pureprint\/#breadcrumb\",\"itemListElement\":[{\"@type\":\"ListItem\",\"position\":1,\"name\":\"Hjem\",\"item\":\"https:\/\/klspureprint.dk\/sv\/\"},{\"@type\":\"ListItem\",\"position\":2,\"name\":\"PurePrint &#8211; sv\"}]},{\"@type\":\"WebSite\",\"@id\":\"https:\/\/klspureprint.dk\/#website\",\"url\":\"https:\/\/klspureprint.dk\/\",\"name\":\"KLS PurePrint\",\"description\":\"\",\"potentialAction\":[{\"@type\":\"SearchAction\",\"target\":{\"@type\":\"EntryPoint\",\"urlTemplate\":\"https:\/\/klspureprint.dk\/?s={search_term_string}\"},\"query-input\":{\"@type\":\"PropertyValueSpecification\",\"valueRequired\":true,\"valueName\":\"search_term_string\"}}],\"inLanguage\":\"sv-SE\"}]}<\/script>\n<!-- \/ Yoast SEO plugin. -->","yoast_head_json":{"title":"PurePrint - sv - KLS PurePrint","robots":{"index":"index","follow":"follow","max-snippet":"max-snippet:-1","max-image-preview":"max-image-preview:large","max-video-preview":"max-video-preview:-1"},"canonical":"https:\/\/klspureprint.dk\/baeredygtighed-pureprint\/","og_locale":"sv_SE","og_type":"article","og_title":"PurePrint - sv - KLS PurePrint","og_description":"PUREPRINT FULD B\u00c6REDYGTIGHED Med PurePrint f\u00e5r du produkter, der er Cradle-to-Cradle-certificerede og milj\u00f8neutrale. De er produceret helt uden nogen former for skadelige kemikalier eller tungmetaller, og n\u00e5r de bliver nedbrudt indg\u00e5r de positivt i naturens eget kredsl\u00f8b. Vi anbefaler at anvende produkterne til genbrug, hvilket giver bedst udnyttelse af jordens ressourcer, men produkterne er ligeledes [&hellip;]","og_url":"https:\/\/klspureprint.dk\/baeredygtighed-pureprint\/","og_site_name":"KLS PurePrint","article_modified_time":"2023-03-23T14:31:55+00:00","twitter_card":"summary_large_image","twitter_misc":{"Ber\u00e4knad l\u00e4stid":"3 minuter"},"schema":{"@context":"https:\/\/schema.org","@graph":[{"@type":"WebPage","@id":"https:\/\/klspureprint.dk\/baeredygtighed-pureprint\/","url":"https:\/\/klspureprint.dk\/baeredygtighed-pureprint\/","name":"PurePrint - sv - KLS PurePrint","isPartOf":{"@id":"https:\/\/klspureprint.dk\/#website"},"datePublished":"2022-12-19T12:13:51+00:00","dateModified":"2023-03-23T14:31:55+00:00","breadcrumb":{"@id":"https:\/\/klspureprint.dk\/baeredygtighed-pureprint\/#breadcrumb"},"inLanguage":"sv-SE","potentialAction":[{"@type":"ReadAction","target":["https:\/\/klspureprint.dk\/baeredygtighed-pureprint\/"]}]},{"@type":"BreadcrumbList","@id":"https:\/\/klspureprint.dk\/baeredygtighed-pureprint\/#breadcrumb","itemListElement":[{"@type":"ListItem","position":1,"name":"Hjem","item":"https:\/\/klspureprint.dk\/sv\/"},{"@type":"ListItem","position":2,"name":"PurePrint &#8211; sv"}]},{"@type":"WebSite","@id":"https:\/\/klspureprint.dk\/#website","url":"https:\/\/klspureprint.dk\/","name":"KLS PurePrint","description":"","potentialAction":[{"@type":"SearchAction","target":{"@type":"EntryPoint","urlTemplate":"https:\/\/klspureprint.dk\/?s={search_term_string}"},"query-input":{"@type":"PropertyValueSpecification","valueRequired":true,"valueName":"search_term_string"}}],"inLanguage":"sv-SE"}]}},"_links":{"self":[{"href":"https:\/\/klspureprint.dk\/sv\/wp-json\/wp\/v2\/pages\/6324","targetHints":{"allow":["GET"]}}],"collection":[{"href":"https:\/\/klspureprint.dk\/sv\/wp-json\/wp\/v2\/pages"}],"about":[{"href":"https:\/\/klspureprint.dk\/sv\/wp-json\/wp\/v2\/types\/page"}],"author":[{"embeddable":true,"href":"https:\/\/klspureprint.dk\/sv\/wp-json\/wp\/v2\/users\/15"}],"replies":[{"embeddable":true,"href":"https:\/\/klspureprint.dk\/sv\/wp-json\/wp\/v2\/comments?post=6324"}],"version-history":[{"count":4,"href":"https:\/\/klspureprint.dk\/sv\/wp-json\/wp\/v2\/pages\/6324\/revisions"}],"predecessor-version":[{"id":8739,"href":"https:\/\/klspureprint.dk\/sv\/wp-json\/wp\/v2\/pages\/6324\/revisions\/8739"}],"wp:attachment":[{"href":"https:\/\/klspureprint.dk\/sv\/wp-json\/wp\/v2\/media?parent=6324"}],"curies":[{"name":"wp","href":"https:\/\/api.w.org\/{rel}","templated":true}]}}