{"id":6326,"date":"2022-12-19T13:13:52","date_gmt":"2022-12-19T12:13:52","guid":{"rendered":"https:\/\/klspureprint.dk\/?page_id=6326"},"modified":"2023-03-23T15:36:32","modified_gmt":"2023-03-23T14:36:32","slug":"roll-ups","status":"publish","type":"page","link":"https:\/\/klspureprint.dk\/sv\/roll-ups\/","title":{"rendered":"Roll-ups"},"content":{"rendered":"<p>[et_pb_section fb_built=&#8221;1&#8243; admin_label=&#8221;Hero&#8221; _builder_version=&#8221;4.15&#8243; background_image=&#8221;https:\/\/klspureprint.dk\/wp-content\/uploads\/2019\/08\/KLS_Figur.png&#8221; background_position=&#8221;bottom_center&#8221; custom_padding=&#8221;||100px||false|false&#8221; animation_style=&#8221;zoom&#8221; animation_intensity_zoom=&#8221;4%&#8221; da_disable_devices=&#8221;off|off|off&#8221; global_colors_info=&#8221;{}&#8221; da_is_popup=&#8221;off&#8221; da_exit_intent=&#8221;off&#8221; da_has_close=&#8221;on&#8221; da_alt_close=&#8221;off&#8221; da_dark_close=&#8221;off&#8221; da_not_modal=&#8221;on&#8221; da_is_singular=&#8221;off&#8221; da_with_loader=&#8221;off&#8221; da_has_shadow=&#8221;on&#8221;][et_pb_row _builder_version=&#8221;4.15&#8243; background_size=&#8221;initial&#8221; background_position=&#8221;top_left&#8221; background_repeat=&#8221;repeat&#8221; custom_padding=&#8221;|||&#8221; animation_style=&#8221;slide&#8221; animation_direction=&#8221;top&#8221; animation_intensity_slide=&#8221;3%&#8221; global_colors_info=&#8221;{}&#8221;][et_pb_column type=&#8221;4_4&#8243; _builder_version=&#8221;4.15&#8243; custom_padding=&#8221;|||&#8221; global_colors_info=&#8221;{}&#8221; custom_padding__hover=&#8221;|||&#8221;][et_pb_text _builder_version=&#8221;4.15&#8243; text_font=&#8221;||||||||&#8221; header_font=&#8221;Oswald|700||on|||||dotted&#8221; header_text_color=&#8221;#83bb26&#8243; header_font_size=&#8221;60px&#8221; header_line_height=&#8221;1.3em&#8221; background_size=&#8221;initial&#8221; background_position=&#8221;top_left&#8221; background_repeat=&#8221;repeat&#8221; custom_margin=&#8221;|||&#8221; custom_margin_tablet=&#8221;&#8221; custom_margin_phone=&#8221;50px||||false|false&#8221; custom_margin_last_edited=&#8221;on|phone&#8221; custom_padding_tablet=&#8221;&#8221; custom_padding_phone=&#8221;&#8221; custom_padding_last_edited=&#8221;on|phone&#8221; animation_style=&#8221;fade&#8221; header_text_align_tablet=&#8221;&#8221; header_text_align_phone=&#8221;center&#8221; header_text_align_last_edited=&#8221;on|phone&#8221; header_font_size_tablet=&#8221;&#8221; header_font_size_phone=&#8221;36px&#8221; header_font_size_last_edited=&#8221;on|phone&#8221; locked=&#8221;off&#8221; global_colors_info=&#8221;{}&#8221;]<\/p>\n<h1>Rollups<\/h1>\n<p>[\/et_pb_text][et_pb_divider show_divider=&#8221;off&#8221; disabled_on=&#8221;on|on|off%22&#8243; _builder_version=&#8221;4.15&#8243; max_width=&#8221;120px&#8221; animation_style=&#8221;slide&#8221; animation_direction=&#8221;top&#8221; animation_intensity_slide=&#8221;30%&#8221; global_colors_info=&#8221;{}&#8221;][\/et_pb_divider][\/et_pb_column][\/et_pb_row][et_pb_row column_structure=&#8221;2_5,3_5&#8243; admin_label=&#8221;Project 01&#8243; _builder_version=&#8221;4.15&#8243; background_size=&#8221;initial&#8221; background_position=&#8221;top_left&#8221; background_repeat=&#8221;repeat&#8221; custom_margin=&#8221;-57px|auto||auto||&#8221; custom_padding=&#8221;||100px||false|false&#8221; global_colors_info=&#8221;{}&#8221;][et_pb_column type=&#8221;2_5&#8243; _builder_version=&#8221;4.15&#8243; custom_padding=&#8221;0%||5%||false|false&#8221; global_colors_info=&#8221;{}&#8221; custom_padding__hover=&#8221;|||&#8221;][et_pb_image src=&#8221;https:\/\/klspureprint.dk\/wp-content\/uploads\/KLS_Rollups.jpg&#8221; show_bottom_space=&#8221;off&#8221; align_tablet=&#8221;center&#8221; align_phone=&#8221;&#8221; align_last_edited=&#8221;on|desktop&#8221; _builder_version=&#8221;4.15&#8243; custom_margin=&#8221;0px||0px||false|false&#8221; custom_padding=&#8221;0px||0px||false|false&#8221; animation_style=&#8221;slide&#8221; animation_direction=&#8221;right&#8221; animation_intensity_slide=&#8221;10%&#8221; animation_starting_opacity=&#8221;100%&#8221; custom_css_main_element=&#8221;vertical-align: middle;||&#8221; global_colors_info=&#8221;{}&#8221;][\/et_pb_image][\/et_pb_column][et_pb_column type=&#8221;3_5&#8243; _builder_version=&#8221;4.15&#8243; custom_padding=&#8221;|||&#8221; global_colors_info=&#8221;{}&#8221; custom_padding__hover=&#8221;|||&#8221;][et_pb_cta button_url=&#8221;https:\/\/klspureprint.dk\/sv\/kontakta-oss\/&#8221; button_text=&#8221;Kontakt os&#8221; _builder_version=&#8221;4.15.1&#8243; header_font=&#8221;Oswald|600|||||||&#8221; header_text_color=&#8221;#83bb26&#8243; header_line_height=&#8221;1.5em&#8221; body_font=&#8221;Oswald|300|||||||&#8221; body_text_color=&#8221;#444444&#8243; body_font_size=&#8221;18px&#8221; body_line_height=&#8221;1.8em&#8221; use_background_color=&#8221;off&#8221; background_size=&#8221;initial&#8221; background_position=&#8221;top_left&#8221; background_repeat=&#8221;repeat&#8221; custom_button=&#8221;on&#8221; button_text_size=&#8221;15px&#8221; button_text_color=&#8221;#ffffff&#8221; button_bg_color=&#8221;#83bb26&#8243; button_border_width=&#8221;4px&#8221; button_border_color=&#8221;#83bb26&#8243; button_border_radius=&#8221;0px&#8221; button_letter_spacing=&#8221;3px&#8221; button_font=&#8221;Oswald|||on|&#8221; button_use_icon=&#8221;off&#8221; button_alignment=&#8221;right&#8221; text_orientation=&#8221;left&#8221; background_layout=&#8221;light&#8221; custom_margin=&#8221;0px||0px||false|false&#8221; custom_padding=&#8221;0px||0px||false|false&#8221; animation_style=&#8221;slide&#8221; animation_direction=&#8221;top&#8221; animation_intensity_slide=&#8221;6%&#8221; button_bg_color_hover=&#8221;rgba(0,0,0,0)&#8221; global_colors_info=&#8221;{}&#8221; button_text_size__hover_enabled=&#8221;off&#8221; button_one_text_size__hover_enabled=&#8221;off&#8221; button_two_text_size__hover_enabled=&#8221;off&#8221; button_text_color__hover_enabled=&#8221;off&#8221; button_one_text_color__hover_enabled=&#8221;off&#8221; button_two_text_color__hover_enabled=&#8221;off&#8221; button_border_width__hover_enabled=&#8221;off&#8221; button_one_border_width__hover_enabled=&#8221;off&#8221; button_two_border_width__hover_enabled=&#8221;off&#8221; button_border_color__hover_enabled=&#8221;on&#8221; button_one_border_color__hover_enabled=&#8221;off&#8221; button_two_border_color__hover_enabled=&#8221;off&#8221; button_border_radius__hover_enabled=&#8221;on|desktop&#8221; button_one_border_radius__hover_enabled=&#8221;off&#8221; button_two_border_radius__hover_enabled=&#8221;off&#8221; button_letter_spacing__hover_enabled=&#8221;on&#8221; button_one_letter_spacing__hover_enabled=&#8221;off&#8221; button_two_letter_spacing__hover_enabled=&#8221;off&#8221; button_bg_color__hover_enabled=&#8221;on|hover&#8221; button_bg_color__hover=&#8221;#83bb26&#8243; button_one_bg_color__hover_enabled=&#8221;off&#8221; button_two_bg_color__hover_enabled=&#8221;off&#8221; button_text_color__hover=&#8221;#ffffff&#8221; button_border_color__hover=&#8221;#83bb26&#8243; button_border_radius__hover=&#8221;0px&#8221; button_letter_spacing__hover=&#8221;3px&#8221; button_bg_enable_color__hover=&#8221;on&#8221;]<\/p>\n<h2>Udskiftelig roll up<\/h2>\n<p>Du f\u00e5r nemt og elegant din budskab ud i en butik eller p\u00e5 en messe ved hj\u00e6lp af en roll-up. Men ofte bliver de kun brugt \u00e9n gang. For selvom man kan skifte banneret, er det ofte nemmere blot at bestille en helt ny roll-up og lade den gamle samle st\u00f8v p\u00e5 lageret.<\/p>\n<p>Hos KLS PurePrint tror vi p\u00e5 cirkul\u00e6r \u00f8konomi, og derfor vil vi gerne hj\u00e6lpe dig med at \u00e6ndre det m\u00f8nster. Derfor har vi to l\u00f8sninger.<\/p>\n<p>Du kan k\u00f8be en alm. roll-up, s\u00e5 du kan vise dit budskab til en attraktiv pris.<\/p>\n<p>Men vi tilbyder ogs\u00e5 en l\u00f8sning hvor du k\u00f8ber en roll up i en kraftig kvalitet, hvor selve stoffet kan udskiftes. Hvis du ofte bruger en roll up og skifter motiv ud, s\u00e5 er dette en b\u00e6redygtig og p\u00e5 sigt ogs\u00e5 \u00f8konomisk fornuftig l\u00f8sning. N\u00e5r der skal et nyt budskab til, sendes kassetten med det gamle motiv over til os, og vi sender den retur med det nye design. Nemt og enkelt.<\/p>\n<p>Det synlige m\u00e5l p\u00e5 begge roll ups er 85 x 200 cm. Designet skal till\u00e6gges 20 cm ekstra i bunden, s\u00e5 det endelige design er 85 x 220 cm.<\/p>\n<p>Priser:<\/p>\n<p><span style=\"color: #83bb26;\"><strong>Alm. roll up:<\/strong><\/span><br \/>Kr. 825,-<\/p>\n<p><span style=\"color: #83bb26;\"><strong>Roll up med mulighed for udskiftning:<\/strong><\/span><br \/>Kr. 2.825,-<\/p>\n<p><span style=\"color: #83bb26;\"><strong>Nyt motiv til udskiftning:<\/strong><\/span><br \/>Kr. 545,-<\/p>\n<p>+ moms, milj\u00f8till\u00e6g og forsendelse<\/p>\n<p>[\/et_pb_cta][\/et_pb_column][\/et_pb_row][\/et_pb_section]<\/p>\n","protected":false},"excerpt":{"rendered":"<p>RollupsUdskiftelig roll up Du f\u00e5r nemt og elegant din budskab ud i en butik eller p\u00e5 en messe ved hj\u00e6lp af en roll-up. Men ofte bliver de kun brugt \u00e9n gang. For selvom man kan skifte banneret, er det ofte nemmere blot at bestille en helt ny roll-up og lade den gamle samle st\u00f8v p\u00e5 [&hellip;]<\/p>\n","protected":false},"author":15,"featured_media":0,"parent":0,"menu_order":0,"comment_status":"closed","ping_status":"closed","template":"","meta":{"_et_pb_use_builder":"on","_et_pb_old_content":"","_et_gb_content_width":"","footnotes":""},"class_list":["post-6326","page","type-page","status-publish","hentry"],"yoast_head":"<!-- This site is optimized with the Yoast SEO plugin v27.1.1 - https:\/\/yoast.com\/product\/yoast-seo-wordpress\/ -->\n<title>Roll-ups - KLS PurePrint<\/title>\n<meta name=\"robots\" content=\"index, follow, max-snippet:-1, max-image-preview:large, max-video-preview:-1\" \/>\n<link rel=\"canonical\" href=\"https:\/\/klspureprint.dk\/rollups\/\" \/>\n<meta property=\"og:locale\" content=\"sv_SE\" \/>\n<meta property=\"og:type\" content=\"article\" \/>\n<meta property=\"og:title\" content=\"Roll-ups - KLS PurePrint\" \/>\n<meta property=\"og:description\" content=\"RollupsUdskiftelig roll up Du f\u00e5r nemt og elegant din budskab ud i en butik eller p\u00e5 en messe ved hj\u00e6lp af en roll-up. Men ofte bliver de kun brugt \u00e9n gang. For selvom man kan skifte banneret, er det ofte nemmere blot at bestille en helt ny roll-up og lade den gamle samle st\u00f8v p\u00e5 [&hellip;]\" \/>\n<meta property=\"og:url\" content=\"https:\/\/klspureprint.dk\/rollups\/\" \/>\n<meta property=\"og:site_name\" content=\"KLS PurePrint\" \/>\n<meta property=\"article:modified_time\" content=\"2023-03-23T14:36:32+00:00\" \/>\n<meta name=\"twitter:card\" content=\"summary_large_image\" \/>\n<meta name=\"twitter:label1\" content=\"Ber\u00e4knad l\u00e4stid\" \/>\n\t<meta name=\"twitter:data1\" content=\"3 minuter\" \/>\n<script type=\"application\/ld+json\" class=\"yoast-schema-graph\">{\"@context\":\"https:\/\/schema.org\",\"@graph\":[{\"@type\":\"WebPage\",\"@id\":\"https:\/\/klspureprint.dk\/rollups\/\",\"url\":\"https:\/\/klspureprint.dk\/rollups\/\",\"name\":\"Roll-ups - KLS PurePrint\",\"isPartOf\":{\"@id\":\"https:\/\/klspureprint.dk\/#website\"},\"datePublished\":\"2022-12-19T12:13:52+00:00\",\"dateModified\":\"2023-03-23T14:36:32+00:00\",\"breadcrumb\":{\"@id\":\"https:\/\/klspureprint.dk\/rollups\/#breadcrumb\"},\"inLanguage\":\"sv-SE\",\"potentialAction\":[{\"@type\":\"ReadAction\",\"target\":[\"https:\/\/klspureprint.dk\/rollups\/\"]}]},{\"@type\":\"BreadcrumbList\",\"@id\":\"https:\/\/klspureprint.dk\/rollups\/#breadcrumb\",\"itemListElement\":[{\"@type\":\"ListItem\",\"position\":1,\"name\":\"Hjem\",\"item\":\"https:\/\/klspureprint.dk\/sv\/\"},{\"@type\":\"ListItem\",\"position\":2,\"name\":\"Roll-ups\"}]},{\"@type\":\"WebSite\",\"@id\":\"https:\/\/klspureprint.dk\/#website\",\"url\":\"https:\/\/klspureprint.dk\/\",\"name\":\"KLS PurePrint\",\"description\":\"\",\"potentialAction\":[{\"@type\":\"SearchAction\",\"target\":{\"@type\":\"EntryPoint\",\"urlTemplate\":\"https:\/\/klspureprint.dk\/?s={search_term_string}\"},\"query-input\":{\"@type\":\"PropertyValueSpecification\",\"valueRequired\":true,\"valueName\":\"search_term_string\"}}],\"inLanguage\":\"sv-SE\"}]}<\/script>\n<!-- \/ Yoast SEO plugin. -->","yoast_head_json":{"title":"Roll-ups - KLS PurePrint","robots":{"index":"index","follow":"follow","max-snippet":"max-snippet:-1","max-image-preview":"max-image-preview:large","max-video-preview":"max-video-preview:-1"},"canonical":"https:\/\/klspureprint.dk\/rollups\/","og_locale":"sv_SE","og_type":"article","og_title":"Roll-ups - KLS PurePrint","og_description":"RollupsUdskiftelig roll up Du f\u00e5r nemt og elegant din budskab ud i en butik eller p\u00e5 en messe ved hj\u00e6lp af en roll-up. Men ofte bliver de kun brugt \u00e9n gang. For selvom man kan skifte banneret, er det ofte nemmere blot at bestille en helt ny roll-up og lade den gamle samle st\u00f8v p\u00e5 [&hellip;]","og_url":"https:\/\/klspureprint.dk\/rollups\/","og_site_name":"KLS PurePrint","article_modified_time":"2023-03-23T14:36:32+00:00","twitter_card":"summary_large_image","twitter_misc":{"Ber\u00e4knad l\u00e4stid":"3 minuter"},"schema":{"@context":"https:\/\/schema.org","@graph":[{"@type":"WebPage","@id":"https:\/\/klspureprint.dk\/rollups\/","url":"https:\/\/klspureprint.dk\/rollups\/","name":"Roll-ups - KLS PurePrint","isPartOf":{"@id":"https:\/\/klspureprint.dk\/#website"},"datePublished":"2022-12-19T12:13:52+00:00","dateModified":"2023-03-23T14:36:32+00:00","breadcrumb":{"@id":"https:\/\/klspureprint.dk\/rollups\/#breadcrumb"},"inLanguage":"sv-SE","potentialAction":[{"@type":"ReadAction","target":["https:\/\/klspureprint.dk\/rollups\/"]}]},{"@type":"BreadcrumbList","@id":"https:\/\/klspureprint.dk\/rollups\/#breadcrumb","itemListElement":[{"@type":"ListItem","position":1,"name":"Hjem","item":"https:\/\/klspureprint.dk\/sv\/"},{"@type":"ListItem","position":2,"name":"Roll-ups"}]},{"@type":"WebSite","@id":"https:\/\/klspureprint.dk\/#website","url":"https:\/\/klspureprint.dk\/","name":"KLS PurePrint","description":"","potentialAction":[{"@type":"SearchAction","target":{"@type":"EntryPoint","urlTemplate":"https:\/\/klspureprint.dk\/?s={search_term_string}"},"query-input":{"@type":"PropertyValueSpecification","valueRequired":true,"valueName":"search_term_string"}}],"inLanguage":"sv-SE"}]}},"_links":{"self":[{"href":"https:\/\/klspureprint.dk\/sv\/wp-json\/wp\/v2\/pages\/6326","targetHints":{"allow":["GET"]}}],"collection":[{"href":"https:\/\/klspureprint.dk\/sv\/wp-json\/wp\/v2\/pages"}],"about":[{"href":"https:\/\/klspureprint.dk\/sv\/wp-json\/wp\/v2\/types\/page"}],"author":[{"embeddable":true,"href":"https:\/\/klspureprint.dk\/sv\/wp-json\/wp\/v2\/users\/15"}],"replies":[{"embeddable":true,"href":"https:\/\/klspureprint.dk\/sv\/wp-json\/wp\/v2\/comments?post=6326"}],"version-history":[{"count":3,"href":"https:\/\/klspureprint.dk\/sv\/wp-json\/wp\/v2\/pages\/6326\/revisions"}],"predecessor-version":[{"id":8747,"href":"https:\/\/klspureprint.dk\/sv\/wp-json\/wp\/v2\/pages\/6326\/revisions\/8747"}],"wp:attachment":[{"href":"https:\/\/klspureprint.dk\/sv\/wp-json\/wp\/v2\/media?parent=6326"}],"curies":[{"name":"wp","href":"https:\/\/api.w.org\/{rel}","templated":true}]}}