{"id":6328,"date":"2022-12-19T13:13:53","date_gmt":"2022-12-19T12:13:53","guid":{"rendered":"https:\/\/klspureprint.dk\/?page_id=6328"},"modified":"2022-12-20T13:31:08","modified_gmt":"2022-12-20T12:31:08","slug":"stenpapper","status":"publish","type":"page","link":"https:\/\/klspureprint.dk\/sv\/stenpapper\/","title":{"rendered":"Stenpapper"},"content":{"rendered":"<p>[et_pb_section fb_built=&#8221;1&#8243; admin_label=&#8221;Hero&#8221; _builder_version=&#8221;4.15&#8243; background_image=&#8221;https:\/\/klspureprint.dk\/wp-content\/uploads\/2019\/08\/KLS_Figur.png&#8221; background_position=&#8221;bottom_center&#8221; custom_padding=&#8221;||100px||false|false&#8221; animation_style=&#8221;zoom&#8221; animation_intensity_zoom=&#8221;4%&#8221; global_colors_info=&#8221;{}&#8221; da_is_popup=&#8221;off&#8221; da_exit_intent=&#8221;off&#8221; da_has_close=&#8221;on&#8221; da_alt_close=&#8221;off&#8221; da_dark_close=&#8221;off&#8221; da_not_modal=&#8221;on&#8221; da_is_singular=&#8221;off&#8221; da_with_loader=&#8221;off&#8221; da_has_shadow=&#8221;on&#8221; da_disable_devices=&#8221;off|off|off&#8221;][et_pb_row _builder_version=&#8221;4.15&#8243; background_size=&#8221;initial&#8221; background_position=&#8221;top_left&#8221; background_repeat=&#8221;repeat&#8221; custom_padding=&#8221;|||&#8221; animation_style=&#8221;slide&#8221; animation_direction=&#8221;top&#8221; animation_intensity_slide=&#8221;3%&#8221; global_colors_info=&#8221;{}&#8221;][et_pb_column type=&#8221;4_4&#8243; _builder_version=&#8221;4.15&#8243; custom_padding=&#8221;|||&#8221; global_colors_info=&#8221;{}&#8221; custom_padding__hover=&#8221;|||&#8221;][et_pb_text _builder_version=&#8221;4.15&#8243; text_font=&#8221;||||||||&#8221; header_font=&#8221;Oswald|700||on|||||dotted&#8221; header_text_color=&#8221;#83bb26&#8243; header_font_size=&#8221;60px&#8221; header_line_height=&#8221;1.3em&#8221; background_size=&#8221;initial&#8221; background_position=&#8221;top_left&#8221; background_repeat=&#8221;repeat&#8221; custom_margin=&#8221;|||&#8221; custom_margin_tablet=&#8221;&#8221; custom_margin_phone=&#8221;50px||||false|false&#8221; custom_margin_last_edited=&#8221;on|phone&#8221; custom_padding_tablet=&#8221;&#8221; custom_padding_phone=&#8221;&#8221; custom_padding_last_edited=&#8221;on|phone&#8221; animation_style=&#8221;fade&#8221; header_text_align_tablet=&#8221;&#8221; header_text_align_phone=&#8221;center&#8221; header_text_align_last_edited=&#8221;on|phone&#8221; header_font_size_tablet=&#8221;&#8221; header_font_size_phone=&#8221;36px&#8221; header_font_size_last_edited=&#8221;on|phone&#8221; locked=&#8221;off&#8221; global_colors_info=&#8221;{}&#8221;]<\/p>\n<h1>Stenpapper<\/h1>\n<p>[\/et_pb_text][et_pb_divider show_divider=&#8221;off&#8221; disabled_on=&#8221;on|on|off%22&#8243; _builder_version=&#8221;4.15&#8243; max_width=&#8221;120px&#8221; animation_style=&#8221;slide&#8221; animation_direction=&#8221;top&#8221; animation_intensity_slide=&#8221;30%&#8221; global_colors_info=&#8221;{}&#8221;][\/et_pb_divider][\/et_pb_column][\/et_pb_row][et_pb_row column_structure=&#8221;2_5,3_5&#8243; admin_label=&#8221;Project 01&#8243; _builder_version=&#8221;4.15&#8243; background_size=&#8221;initial&#8221; background_position=&#8221;top_left&#8221; background_repeat=&#8221;repeat&#8221; custom_margin=&#8221;-57px|auto||auto||&#8221; custom_padding=&#8221;||100px||false|false&#8221; global_colors_info=&#8221;{}&#8221;][et_pb_column type=&#8221;2_5&#8243; _builder_version=&#8221;4.15&#8243; custom_padding=&#8221;0%||5%||false|false&#8221; global_colors_info=&#8221;{}&#8221; custom_padding__hover=&#8221;|||&#8221;][et_pb_image src=&#8221;https:\/\/klspureprint.dk\/wp-content\/uploads\/KLS_Stenpapir.jpg&#8221; show_bottom_space=&#8221;off&#8221; align_tablet=&#8221;center&#8221; align_phone=&#8221;&#8221; align_last_edited=&#8221;on|desktop&#8221; _builder_version=&#8221;4.15&#8243; custom_margin=&#8221;0px||0px||false|false&#8221; custom_padding=&#8221;0px||0px||false|false&#8221; animation_style=&#8221;slide&#8221; animation_direction=&#8221;right&#8221; animation_intensity_slide=&#8221;10%&#8221; animation_starting_opacity=&#8221;100%&#8221; custom_css_main_element=&#8221;vertical-align: middle;||&#8221; global_colors_info=&#8221;{}&#8221;][\/et_pb_image][\/et_pb_column][et_pb_column type=&#8221;3_5&#8243; _builder_version=&#8221;4.15&#8243; custom_padding=&#8221;|||&#8221; global_colors_info=&#8221;{}&#8221; custom_padding__hover=&#8221;|||&#8221;][et_pb_cta button_url=&#8221;https:\/\/klspureprint.dk\/kontakt&#8221; button_text=&#8221;Kontakt os&#8221; _builder_version=&#8221;4.15.1&#8243; header_font=&#8221;Oswald|600|||||||&#8221; header_text_color=&#8221;#83bb26&#8243; header_line_height=&#8221;1.5em&#8221; body_font=&#8221;Oswald|300|||||||&#8221; body_text_color=&#8221;#444444&#8243; body_font_size=&#8221;18px&#8221; body_line_height=&#8221;1.8em&#8221; use_background_color=&#8221;off&#8221; background_size=&#8221;initial&#8221; background_position=&#8221;top_left&#8221; background_repeat=&#8221;repeat&#8221; custom_button=&#8221;on&#8221; button_text_size=&#8221;15px&#8221; button_text_color=&#8221;#ffffff&#8221; button_bg_color=&#8221;#83bb26&#8243; button_border_width=&#8221;4px&#8221; button_border_color=&#8221;#83bb26&#8243; button_border_radius=&#8221;0px&#8221; button_letter_spacing=&#8221;3px&#8221; button_font=&#8221;Oswald|||on|&#8221; button_use_icon=&#8221;off&#8221; button_alignment=&#8221;right&#8221; text_orientation=&#8221;left&#8221; background_layout=&#8221;light&#8221; custom_margin=&#8221;0px||0px||false|false&#8221; custom_padding=&#8221;0px||0px||false|false&#8221; animation_style=&#8221;slide&#8221; animation_direction=&#8221;top&#8221; animation_intensity_slide=&#8221;6%&#8221; hover_enabled=&#8221;0&#8243; button_bg_color_hover=&#8221;rgba(0,0,0,0)&#8221; global_colors_info=&#8221;{}&#8221; button_text_size__hover_enabled=&#8221;off&#8221; button_one_text_size__hover_enabled=&#8221;off&#8221; button_two_text_size__hover_enabled=&#8221;off&#8221; button_text_color__hover_enabled=&#8221;off&#8221; button_one_text_color__hover_enabled=&#8221;off&#8221; button_two_text_color__hover_enabled=&#8221;off&#8221; button_border_width__hover_enabled=&#8221;off&#8221; button_one_border_width__hover_enabled=&#8221;off&#8221; button_two_border_width__hover_enabled=&#8221;off&#8221; button_border_color__hover_enabled=&#8221;on&#8221; button_one_border_color__hover_enabled=&#8221;off&#8221; button_two_border_color__hover_enabled=&#8221;off&#8221; button_border_radius__hover_enabled=&#8221;on|desktop&#8221; button_one_border_radius__hover_enabled=&#8221;off&#8221; button_two_border_radius__hover_enabled=&#8221;off&#8221; button_letter_spacing__hover_enabled=&#8221;on&#8221; button_one_letter_spacing__hover_enabled=&#8221;off&#8221; button_two_letter_spacing__hover_enabled=&#8221;off&#8221; button_bg_color__hover_enabled=&#8221;on|hover&#8221; button_bg_color__hover=&#8221;#83bb26&#8243; button_one_bg_color__hover_enabled=&#8221;off&#8221; button_two_bg_color__hover_enabled=&#8221;off&#8221; button_text_color__hover=&#8221;#ffffff&#8221; button_border_color__hover=&#8221;#83bb26&#8243; button_border_radius__hover=&#8221;0px&#8221; button_letter_spacing__hover=&#8221;3px&#8221; button_bg_enable_color__hover=&#8221;on&#8221; sticky_enabled=&#8221;0&#8243;]<\/p>\n<div>\n<h2 class=\"P68B1DB1-Overskrift230\"><span lang=\"SV\">PAPPER TILLVERKAT AV STEN<\/span><\/h2>\n<\/div>\n<div>\n<p class=\"P68B1DB1-NormalWeb13\"><span lang=\"SV\">Stenpapper \u00e4r tillverkat av krossad kalksten. Det \u00e4r starkt och vattent\u00e4tt, men mjukt och l\u00e4ckert att ta p\u00e5.<\/span><\/p>\n<p class=\"P68B1DB1-NormalWeb13\"><span lang=\"SV\"><\/span><\/p>\n<\/div>\n<div>\n<p class=\"P68B1DB1-NormalWeb13\"><span lang=\"SV\">Den har aldrig sett skuggan av ett tr\u00e4d, och det kostar inte en droppe vatten att producera. Stenpapper \u00e4r ett h\u00e5llbart alternativ till vanligt tr\u00e4papper.<\/span><\/p>\n<p class=\"P68B1DB1-NormalWeb13\"><span lang=\"SV\"><\/span><\/p>\n<\/div>\n<div>\n<p><span lang=\"SV\">Produkten \u00e4r\u00a0<\/span><span lang=\"SV\"><a href=\"https:\/\/klspureprint.dk\/baeredygtighed\/cradle-to-cradle\/\">Cradle-to-Cradle-certifierad<\/a><\/span><span lang=\"SV\">\u00a0<\/span><span lang=\"SV\">och l\u00e4mpar sig d\u00e4rf\u00f6r f\u00f6r uppgifter d\u00e4r h\u00e5llbarhet har h\u00f6g prioritet. Papperets tekniska egenskaper, bland annat att det inte p\u00e5verkas av vatten, g\u00f6r det mycket l\u00e4mplig f\u00f6r stadskartor, vandringskartor och andra produkter som ska anv\u00e4ndas utomhus.<\/span><\/p>\n<p><span lang=\"SV\"><\/span><\/p>\n<\/div>\n<div>\n<p class=\"P68B1DB1-NormalWeb13\"><span lang=\"SV\">Stenpapper \u00e4r en pappersprodukt som kan j\u00e4mf\u00f6ras med vanligt tr\u00e4papper. Stenpapper har dock en annan tillverkningsprocess med andra ingredienser och det ger stenpapper en rad f\u00f6rdelar, b\u00e5de milj\u00f6m\u00e4ssigt och kvalitetsm\u00e4ssigt. Stenpapper inneh\u00e5ller bland annat inget tr\u00e4 utan best\u00e5r av kalksten och bindemedlet HDPE.<\/span><\/p>\n<p class=\"P68B1DB1-NormalWeb13\"><span lang=\"SV\"><\/span><\/p>\n<\/div>\n<div>\n<p class=\"P68B1DB1-NormalWeb13\"><span lang=\"SV\">Kalksten (CaCO3) f\u00f6rekommer naturligt. Mellan Danmark och Norge finns till exempel ett 1000-2000 meter kalkstenslager. Kalk f\u00f6rekommer naturligt i vatten och kan ses som avlagringar i vasken eller som korallrevens st\u00f6djande struktur, och det bildas kontinuerligt i naturen.<\/span><\/p>\n<p class=\"P68B1DB1-NormalWeb13\"><span lang=\"SV\"><\/span><\/p>\n<\/div>\n<div>\n<p class=\"P68B1DB1-NormalWeb13\"><span lang=\"SV\">HDPE (high density polyethylen) \u00e4r en oljebaserad termoplast. HDPE inneh\u00e5ller inga skadliga \u00e4mnen och vid f\u00f6rbr\u00e4nning sl\u00e4pps det endast ut CO2 och vatten. Om stenpapper uts\u00e4tts f\u00f6r UV-str\u00e5lning, fukt och v\u00e4rme \u00e4r det biologiskt nedbrytbart, eftersom UV-str\u00e5larna br\u00e4nner plasten och bara kalken blir kvar.<\/span><\/p>\n<p class=\"P68B1DB1-NormalWeb13\"><span lang=\"SV\"><\/span><\/p>\n<\/div>\n<div>\n<p class=\"P68B1DB1-NormalWeb13\"><span lang=\"SV\">Stenpapper finns i olika tjocklekar f\u00f6r olika \u00e4ndam\u00e5l.<\/span><\/p>\n<\/div>\n<p>[\/et_pb_cta][\/et_pb_column][\/et_pb_row][\/et_pb_section]<\/p>\n","protected":false},"excerpt":{"rendered":"<p>Stenpapper PAPPER TILLVERKAT AV STEN Stenpapper \u00e4r tillverkat av krossad kalksten. Det \u00e4r starkt och vattent\u00e4tt, men mjukt och l\u00e4ckert att ta p\u00e5. Den har aldrig sett skuggan av ett tr\u00e4d, och det kostar inte en droppe vatten att producera. Stenpapper \u00e4r ett h\u00e5llbart alternativ till vanligt tr\u00e4papper. Produkten \u00e4r\u00a0Cradle-to-Cradle-certifierad\u00a0och l\u00e4mpar sig d\u00e4rf\u00f6r f\u00f6r uppgifter [&hellip;]<\/p>\n","protected":false},"author":15,"featured_media":0,"parent":0,"menu_order":0,"comment_status":"closed","ping_status":"closed","template":"","meta":{"_et_pb_use_builder":"on","_et_pb_old_content":"","_et_gb_content_width":"","footnotes":""},"class_list":["post-6328","page","type-page","status-publish","hentry"],"yoast_head":"<!-- This site is optimized with the Yoast SEO plugin v27.5 - https:\/\/yoast.com\/product\/yoast-seo-wordpress\/ -->\n<title>Stenpapper - KLS PurePrint<\/title>\n<meta name=\"robots\" content=\"index, follow, max-snippet:-1, max-image-preview:large, max-video-preview:-1\" \/>\n<link rel=\"canonical\" href=\"https:\/\/klspureprint.dk\/sv\/stenpapper\/\" \/>\n<meta property=\"og:locale\" content=\"sv_SE\" \/>\n<meta property=\"og:type\" content=\"article\" \/>\n<meta property=\"og:title\" content=\"Stenpapper - KLS PurePrint\" \/>\n<meta property=\"og:description\" content=\"Stenpapper PAPPER TILLVERKAT AV STEN Stenpapper \u00e4r tillverkat av krossad kalksten. Det \u00e4r starkt och vattent\u00e4tt, men mjukt och l\u00e4ckert att ta p\u00e5. Den har aldrig sett skuggan av ett tr\u00e4d, och det kostar inte en droppe vatten att producera. Stenpapper \u00e4r ett h\u00e5llbart alternativ till vanligt tr\u00e4papper. Produkten \u00e4r\u00a0Cradle-to-Cradle-certifierad\u00a0och l\u00e4mpar sig d\u00e4rf\u00f6r f\u00f6r uppgifter [&hellip;]\" \/>\n<meta property=\"og:url\" content=\"https:\/\/klspureprint.dk\/sv\/stenpapper\/\" \/>\n<meta property=\"og:site_name\" content=\"KLS PurePrint\" \/>\n<meta property=\"article:modified_time\" content=\"2022-12-20T12:31:08+00:00\" \/>\n<meta name=\"twitter:card\" content=\"summary_large_image\" \/>\n<meta name=\"twitter:label1\" content=\"Ber\u00e4knad l\u00e4stid\" \/>\n\t<meta name=\"twitter:data1\" content=\"3 minuter\" \/>\n<script type=\"application\/ld+json\" class=\"yoast-schema-graph\">{\"@context\":\"https:\\\/\\\/schema.org\",\"@graph\":[{\"@type\":\"WebPage\",\"@id\":\"https:\\\/\\\/klspureprint.dk\\\/sv\\\/stenpapper\\\/\",\"url\":\"https:\\\/\\\/klspureprint.dk\\\/sv\\\/stenpapper\\\/\",\"name\":\"Stenpapper - KLS PurePrint\",\"isPartOf\":{\"@id\":\"https:\\\/\\\/klspureprint.dk\\\/#website\"},\"datePublished\":\"2022-12-19T12:13:53+00:00\",\"dateModified\":\"2022-12-20T12:31:08+00:00\",\"breadcrumb\":{\"@id\":\"https:\\\/\\\/klspureprint.dk\\\/sv\\\/stenpapper\\\/#breadcrumb\"},\"inLanguage\":\"sv-SE\",\"potentialAction\":[{\"@type\":\"ReadAction\",\"target\":[\"https:\\\/\\\/klspureprint.dk\\\/sv\\\/stenpapper\\\/\"]}]},{\"@type\":\"BreadcrumbList\",\"@id\":\"https:\\\/\\\/klspureprint.dk\\\/sv\\\/stenpapper\\\/#breadcrumb\",\"itemListElement\":[{\"@type\":\"ListItem\",\"position\":1,\"name\":\"Hjem\",\"item\":\"https:\\\/\\\/klspureprint.dk\\\/sv\\\/\"},{\"@type\":\"ListItem\",\"position\":2,\"name\":\"Stenpapper\"}]},{\"@type\":\"WebSite\",\"@id\":\"https:\\\/\\\/klspureprint.dk\\\/#website\",\"url\":\"https:\\\/\\\/klspureprint.dk\\\/\",\"name\":\"KLS PurePrint\",\"description\":\"\",\"potentialAction\":[{\"@type\":\"SearchAction\",\"target\":{\"@type\":\"EntryPoint\",\"urlTemplate\":\"https:\\\/\\\/klspureprint.dk\\\/?s={search_term_string}\"},\"query-input\":{\"@type\":\"PropertyValueSpecification\",\"valueRequired\":true,\"valueName\":\"search_term_string\"}}],\"inLanguage\":\"sv-SE\"}]}<\/script>\n<!-- \/ Yoast SEO plugin. -->","yoast_head_json":{"title":"Stenpapper - KLS PurePrint","robots":{"index":"index","follow":"follow","max-snippet":"max-snippet:-1","max-image-preview":"max-image-preview:large","max-video-preview":"max-video-preview:-1"},"canonical":"https:\/\/klspureprint.dk\/sv\/stenpapper\/","og_locale":"sv_SE","og_type":"article","og_title":"Stenpapper - KLS PurePrint","og_description":"Stenpapper PAPPER TILLVERKAT AV STEN Stenpapper \u00e4r tillverkat av krossad kalksten. Det \u00e4r starkt och vattent\u00e4tt, men mjukt och l\u00e4ckert att ta p\u00e5. Den har aldrig sett skuggan av ett tr\u00e4d, och det kostar inte en droppe vatten att producera. Stenpapper \u00e4r ett h\u00e5llbart alternativ till vanligt tr\u00e4papper. Produkten \u00e4r\u00a0Cradle-to-Cradle-certifierad\u00a0och l\u00e4mpar sig d\u00e4rf\u00f6r f\u00f6r uppgifter [&hellip;]","og_url":"https:\/\/klspureprint.dk\/sv\/stenpapper\/","og_site_name":"KLS PurePrint","article_modified_time":"2022-12-20T12:31:08+00:00","twitter_card":"summary_large_image","twitter_misc":{"Ber\u00e4knad l\u00e4stid":"3 minuter"},"schema":{"@context":"https:\/\/schema.org","@graph":[{"@type":"WebPage","@id":"https:\/\/klspureprint.dk\/sv\/stenpapper\/","url":"https:\/\/klspureprint.dk\/sv\/stenpapper\/","name":"Stenpapper - KLS PurePrint","isPartOf":{"@id":"https:\/\/klspureprint.dk\/#website"},"datePublished":"2022-12-19T12:13:53+00:00","dateModified":"2022-12-20T12:31:08+00:00","breadcrumb":{"@id":"https:\/\/klspureprint.dk\/sv\/stenpapper\/#breadcrumb"},"inLanguage":"sv-SE","potentialAction":[{"@type":"ReadAction","target":["https:\/\/klspureprint.dk\/sv\/stenpapper\/"]}]},{"@type":"BreadcrumbList","@id":"https:\/\/klspureprint.dk\/sv\/stenpapper\/#breadcrumb","itemListElement":[{"@type":"ListItem","position":1,"name":"Hjem","item":"https:\/\/klspureprint.dk\/sv\/"},{"@type":"ListItem","position":2,"name":"Stenpapper"}]},{"@type":"WebSite","@id":"https:\/\/klspureprint.dk\/#website","url":"https:\/\/klspureprint.dk\/","name":"KLS PurePrint","description":"","potentialAction":[{"@type":"SearchAction","target":{"@type":"EntryPoint","urlTemplate":"https:\/\/klspureprint.dk\/?s={search_term_string}"},"query-input":{"@type":"PropertyValueSpecification","valueRequired":true,"valueName":"search_term_string"}}],"inLanguage":"sv-SE"}]}},"_links":{"self":[{"href":"https:\/\/klspureprint.dk\/sv\/wp-json\/wp\/v2\/pages\/6328","targetHints":{"allow":["GET"]}}],"collection":[{"href":"https:\/\/klspureprint.dk\/sv\/wp-json\/wp\/v2\/pages"}],"about":[{"href":"https:\/\/klspureprint.dk\/sv\/wp-json\/wp\/v2\/types\/page"}],"author":[{"embeddable":true,"href":"https:\/\/klspureprint.dk\/sv\/wp-json\/wp\/v2\/users\/15"}],"replies":[{"embeddable":true,"href":"https:\/\/klspureprint.dk\/sv\/wp-json\/wp\/v2\/comments?post=6328"}],"version-history":[{"count":3,"href":"https:\/\/klspureprint.dk\/sv\/wp-json\/wp\/v2\/pages\/6328\/revisions"}],"predecessor-version":[{"id":6470,"href":"https:\/\/klspureprint.dk\/sv\/wp-json\/wp\/v2\/pages\/6328\/revisions\/6470"}],"wp:attachment":[{"href":"https:\/\/klspureprint.dk\/sv\/wp-json\/wp\/v2\/media?parent=6328"}],"curies":[{"name":"wp","href":"https:\/\/api.w.org\/{rel}","templated":true}]}}