{"id":6390,"date":"2022-12-20T10:11:03","date_gmt":"2022-12-20T09:11:03","guid":{"rendered":"https:\/\/klspureprint.dk\/?page_id=6390"},"modified":"2023-01-05T15:08:01","modified_gmt":"2023-01-05T14:08:01","slug":"kreativt","status":"publish","type":"page","link":"https:\/\/klspureprint.dk\/sv\/kreativt\/","title":{"rendered":"Kreativt"},"content":{"rendered":"<p>[et_pb_section fb_built=&#8221;1&#8243; admin_label=&#8221;Hero&#8221; _builder_version=&#8221;4.0.6&#8243; background_image=&#8221;https:\/\/klspureprint.dk\/wp-content\/uploads\/2019\/08\/KLS_Figur.png&#8221; background_position=&#8221;bottom_center&#8221; custom_padding=&#8221;||100px||false|false&#8221; animation_style=&#8221;zoom&#8221; animation_intensity_zoom=&#8221;4%&#8221;][et_pb_row _builder_version=&#8221;3.25&#8243; background_size=&#8221;initial&#8221; background_position=&#8221;top_left&#8221; background_repeat=&#8221;repeat&#8221; custom_padding=&#8221;|||&#8221; animation_style=&#8221;slide&#8221; animation_direction=&#8221;top&#8221; animation_intensity_slide=&#8221;3%&#8221;][et_pb_column type=&#8221;4_4&#8243; _builder_version=&#8221;3.25&#8243; custom_padding=&#8221;|||&#8221; custom_padding__hover=&#8221;|||&#8221;][et_pb_text _builder_version=&#8221;4.0.6&#8243; text_font=&#8221;||||||||&#8221; header_font=&#8221;Oswald|700||on|||||dotted&#8221; header_text_color=&#8221;#83bb26&#8243; header_font_size=&#8221;60px&#8221; header_line_height=&#8221;1.3em&#8221; background_size=&#8221;initial&#8221; background_position=&#8221;top_left&#8221; background_repeat=&#8221;repeat&#8221; custom_margin=&#8221;|||&#8221; custom_margin_tablet=&#8221;&#8221; custom_margin_phone=&#8221;50px||||false|false&#8221; custom_margin_last_edited=&#8221;on|phone&#8221; custom_padding_tablet=&#8221;&#8221; custom_padding_phone=&#8221;&#8221; custom_padding_last_edited=&#8221;on|phone&#8221; animation_style=&#8221;fade&#8221; hover_enabled=&#8221;0&#8243; header_text_align_tablet=&#8221;&#8221; header_text_align_phone=&#8221;center&#8221; header_text_align_last_edited=&#8221;on|phone&#8221; header_font_size_tablet=&#8221;&#8221; header_font_size_phone=&#8221;36px&#8221; header_font_size_last_edited=&#8221;on|phone&#8221; locked=&#8221;off&#8221;]<\/p>\n<h1>Kreativt<\/h1>\n<p>[\/et_pb_text][et_pb_divider show_divider=&#8221;off&#8221; disabled_on=&#8221;on|on|off%22&#8243; _builder_version=&#8221;3.2&#8243; max_width=&#8221;120px&#8221; animation_style=&#8221;slide&#8221; animation_direction=&#8221;top&#8221; animation_intensity_slide=&#8221;30%&#8221;][\/et_pb_divider][\/et_pb_column][\/et_pb_row][et_pb_row column_structure=&#8221;2_5,3_5&#8243; admin_label=&#8221;Project 01&#8243; _builder_version=&#8221;4.0.6&#8243; background_size=&#8221;initial&#8221; background_position=&#8221;top_left&#8221; background_repeat=&#8221;repeat&#8221; custom_margin=&#8221;-57px|auto||auto||&#8221; custom_padding=&#8221;||100px||false|false&#8221;][et_pb_column type=&#8221;2_5&#8243; _builder_version=&#8221;4.0.6&#8243; custom_padding=&#8221;0%||5%||false|false&#8221; custom_padding__hover=&#8221;|||&#8221;][et_pb_image src=&#8221;https:\/\/klspureprint.dk\/wp-content\/uploads\/KLS_Kreativt.jpg&#8221; show_bottom_space=&#8221;off&#8221; align_tablet=&#8221;center&#8221; align_phone=&#8221;&#8221; align_last_edited=&#8221;on|desktop&#8221; _builder_version=&#8221;4.0.6&#8243; custom_margin=&#8221;0px||0px||false|false&#8221; custom_padding=&#8221;0px||0px||false|false&#8221; animation_style=&#8221;slide&#8221; animation_direction=&#8221;right&#8221; animation_intensity_slide=&#8221;10%&#8221; animation_starting_opacity=&#8221;100%&#8221; hover_enabled=&#8221;0&#8243; custom_css_main_element=&#8221;vertical-align: middle;||&#8221;][\/et_pb_image][\/et_pb_column][et_pb_column type=&#8221;3_5&#8243; _builder_version=&#8221;3.25&#8243; custom_padding=&#8221;|||&#8221; custom_padding__hover=&#8221;|||&#8221;][et_pb_cta button_url=&#8221;https:\/\/klspureprint.dk\/kontakt&#8221; button_text=&#8221;Kontakt os&#8221; _builder_version=&#8221;4.0.6&#8243; header_font=&#8221;Oswald|600|||||||&#8221; header_text_color=&#8221;#83bb26&#8243; header_line_height=&#8221;1.5em&#8221; body_font=&#8221;Oswald|300|||||||&#8221; body_text_color=&#8221;#444444&#8243; body_font_size=&#8221;18px&#8221; body_line_height=&#8221;1.8em&#8221; use_background_color=&#8221;off&#8221; background_size=&#8221;initial&#8221; background_position=&#8221;top_left&#8221; background_repeat=&#8221;repeat&#8221; custom_button=&#8221;on&#8221; button_text_size=&#8221;15px&#8221; button_text_color=&#8221;#ffffff&#8221; button_bg_color=&#8221;#83bb26&#8243; button_border_width=&#8221;4px&#8221; button_border_color=&#8221;#83bb26&#8243; button_border_radius=&#8221;0px&#8221; button_letter_spacing=&#8221;3px&#8221; button_font=&#8221;Oswald|||on|&#8221; button_use_icon=&#8221;off&#8221; button_alignment=&#8221;right&#8221; text_orientation=&#8221;left&#8221; background_layout=&#8221;light&#8221; custom_margin=&#8221;0px||0px||false|false&#8221; custom_padding=&#8221;0px||0px||false|false&#8221; animation_style=&#8221;slide&#8221; animation_direction=&#8221;top&#8221; animation_intensity_slide=&#8221;6%&#8221; hover_enabled=&#8221;0&#8243; button_bg_color_hover=&#8221;rgba(0,0,0,0)&#8221; button_text_size__hover_enabled=&#8221;off&#8221; button_one_text_size__hover_enabled=&#8221;off&#8221; button_two_text_size__hover_enabled=&#8221;off&#8221; button_text_color__hover_enabled=&#8221;off&#8221; button_one_text_color__hover_enabled=&#8221;off&#8221; button_two_text_color__hover_enabled=&#8221;off&#8221; button_border_width__hover_enabled=&#8221;off&#8221; button_one_border_width__hover_enabled=&#8221;off&#8221; button_two_border_width__hover_enabled=&#8221;off&#8221; button_border_color__hover_enabled=&#8221;on&#8221; button_one_border_color__hover_enabled=&#8221;off&#8221; button_two_border_color__hover_enabled=&#8221;off&#8221; button_border_radius__hover_enabled=&#8221;on|desktop&#8221; button_one_border_radius__hover_enabled=&#8221;off&#8221; button_two_border_radius__hover_enabled=&#8221;off&#8221; button_letter_spacing__hover_enabled=&#8221;on&#8221; button_one_letter_spacing__hover_enabled=&#8221;off&#8221; button_two_letter_spacing__hover_enabled=&#8221;off&#8221; button_bg_color__hover_enabled=&#8221;on|hover&#8221; button_bg_color__hover=&#8221;#83bb26&#8243; button_one_bg_color__hover_enabled=&#8221;off&#8221; button_two_bg_color__hover_enabled=&#8221;off&#8221; button_text_color__hover=&#8221;#ffffff&#8221; button_border_color__hover=&#8221;#83bb26&#8243; button_border_radius__hover=&#8221;0px&#8221; button_letter_spacing__hover=&#8221;3px&#8221; button_bg_enable_color__hover=&#8221;on&#8221;]<\/p>\n<div>\n<h2 class=\"P68B1DB1-Overskrift230\"><span lang=\"SV\">Den kreativa avdelningen<\/span><\/h2>\n<\/div>\n<div>\n<p><span lang=\"SV\"><a href=\"https:\/\/klspureprint.dk\/tryksager\/#grafiskeprodukter\">Grafiska uppgifter<\/a><\/span><span lang=\"SV\">\u00a0<\/span><span lang=\"SV\">\u00e4r ett brett omr\u00e5de och p\u00e5 KLS PurePrint f\u00e5r du hj\u00e4lp med detta. Oavsett om det handlar om tidningar, broschyrer, b\u00f6cker,\u00a0<\/span><span lang=\"SV\"><a href=\"https:\/\/klspureprint.dk\/ovrigt\/#rollups\">roll-ups<\/a><\/span><span lang=\"SV\">\u00a0<\/span><span lang=\"SV\">eller banderoller s\u00e5 har v\u00e5ra grafiska formgivarna p\u00e5 den kreativa avdelningen de kvalifikationer och erfarenheter som beh\u00f6vs f\u00f6r att hantera den grafiska och kreativa aspekten av ditt uppdrag. Oavsett vad du har f\u00f6r m\u00e5l och ambition, kan v\u00e5ra grafiska designers hj\u00e4lpa dig.<\/span><\/p>\n<\/div>\n<div>\n<h2 class=\"P68B1DB1-Overskrift230\"><span lang=\"SV\">De grafiska uppgifterna<\/span><\/h2>\n<\/div>\n<div>\n<p class=\"P68B1DB1-NormalWeb13\"><span lang=\"SV\">Den kreativa avdelningen kan hj\u00e4lpa dig med t.ex. design, layout eller bildbehandling. F\u00f6r att f\u00e5 exakt det resultat du \u00f6nskar st\u00e5r den kreativa avdelningen redo att arbeta n\u00e4ra dig, och vi har stor kompetens inom veckotidningar och tidskrifter. Vi designar och producerar idag mer \u00e4n 50 tidskrifter. De grafiska formgivarna har ocks\u00e5 l\u00e5ng erfarenhet, vilket g\u00f6r att du tryggt kan anf\u00f6rtro uppdrag \u00e5t dem. Hela avdelningen har naturligtvis ett n\u00e4ra samarbete med KLS PurePrints projektledare, s\u00e5 att hela processen fr\u00e5n id\u00e9 till grafisk produkt ligger i experth\u00e4nder och optimeras. Det g\u00f6r det enkelt f\u00f6r dig. Och det betyder ocks\u00e5 att du kan vara s\u00e4ker p\u00e5 kvaliteten p\u00e5 din grafiska produkt.<\/span><\/p>\n<\/div>\n<p>[\/et_pb_cta][\/et_pb_column][\/et_pb_row][\/et_pb_section]<\/p>\n","protected":false},"excerpt":{"rendered":"<p>Kreativt Den kreativa avdelningen Grafiska uppgifter\u00a0\u00e4r ett brett omr\u00e5de och p\u00e5 KLS PurePrint f\u00e5r du hj\u00e4lp med detta. Oavsett om det handlar om tidningar, broschyrer, b\u00f6cker,\u00a0roll-ups\u00a0eller banderoller s\u00e5 har v\u00e5ra grafiska formgivarna p\u00e5 den kreativa avdelningen de kvalifikationer och erfarenheter som beh\u00f6vs f\u00f6r att hantera den grafiska och kreativa aspekten av ditt uppdrag. Oavsett vad [&hellip;]<\/p>\n","protected":false},"author":15,"featured_media":0,"parent":0,"menu_order":0,"comment_status":"closed","ping_status":"closed","template":"","meta":{"_et_pb_use_builder":"on","_et_pb_old_content":"","_et_gb_content_width":"","footnotes":""},"class_list":["post-6390","page","type-page","status-publish","hentry"],"yoast_head":"<!-- This site is optimized with the Yoast SEO plugin v27.1.1 - https:\/\/yoast.com\/product\/yoast-seo-wordpress\/ -->\n<title>Kreativt - KLS PurePrint<\/title>\n<meta name=\"description\" content=\"F\u00f6r att f\u00e5 exakt det resultat du \u00f6nskar st\u00e5r den kreativa avdelningen redo. Vi kan hj\u00e4lpa dig med t.ex. design, layout eller bildbehandling.\" \/>\n<meta name=\"robots\" content=\"index, follow, max-snippet:-1, max-image-preview:large, max-video-preview:-1\" \/>\n<link rel=\"canonical\" href=\"https:\/\/klspureprint.dk\/sv\/kreativt\/\" \/>\n<meta property=\"og:locale\" content=\"sv_SE\" \/>\n<meta property=\"og:type\" content=\"article\" \/>\n<meta property=\"og:title\" content=\"Kreativt - KLS PurePrint\" \/>\n<meta property=\"og:description\" content=\"F\u00f6r att f\u00e5 exakt det resultat du \u00f6nskar st\u00e5r den kreativa avdelningen redo. Vi kan hj\u00e4lpa dig med t.ex. design, layout eller bildbehandling.\" \/>\n<meta property=\"og:url\" content=\"https:\/\/klspureprint.dk\/sv\/kreativt\/\" \/>\n<meta property=\"og:site_name\" content=\"KLS PurePrint\" \/>\n<meta property=\"article:modified_time\" content=\"2023-01-05T14:08:01+00:00\" \/>\n<meta name=\"twitter:card\" content=\"summary_large_image\" \/>\n<meta name=\"twitter:label1\" content=\"Ber\u00e4knad l\u00e4stid\" \/>\n\t<meta name=\"twitter:data1\" content=\"2 minuter\" \/>\n<script type=\"application\/ld+json\" class=\"yoast-schema-graph\">{\"@context\":\"https:\/\/schema.org\",\"@graph\":[{\"@type\":\"WebPage\",\"@id\":\"https:\/\/klspureprint.dk\/sv\/kreativt\/\",\"url\":\"https:\/\/klspureprint.dk\/sv\/kreativt\/\",\"name\":\"Kreativt - KLS PurePrint\",\"isPartOf\":{\"@id\":\"https:\/\/klspureprint.dk\/#website\"},\"datePublished\":\"2022-12-20T09:11:03+00:00\",\"dateModified\":\"2023-01-05T14:08:01+00:00\",\"description\":\"F\u00f6r att f\u00e5 exakt det resultat du \u00f6nskar st\u00e5r den kreativa avdelningen redo. Vi kan hj\u00e4lpa dig med t.ex. design, layout eller bildbehandling.\",\"breadcrumb\":{\"@id\":\"https:\/\/klspureprint.dk\/sv\/kreativt\/#breadcrumb\"},\"inLanguage\":\"sv-SE\",\"potentialAction\":[{\"@type\":\"ReadAction\",\"target\":[\"https:\/\/klspureprint.dk\/sv\/kreativt\/\"]}]},{\"@type\":\"BreadcrumbList\",\"@id\":\"https:\/\/klspureprint.dk\/sv\/kreativt\/#breadcrumb\",\"itemListElement\":[{\"@type\":\"ListItem\",\"position\":1,\"name\":\"Hjem\",\"item\":\"https:\/\/klspureprint.dk\/sv\/\"},{\"@type\":\"ListItem\",\"position\":2,\"name\":\"Kreativt\"}]},{\"@type\":\"WebSite\",\"@id\":\"https:\/\/klspureprint.dk\/#website\",\"url\":\"https:\/\/klspureprint.dk\/\",\"name\":\"KLS PurePrint\",\"description\":\"\",\"potentialAction\":[{\"@type\":\"SearchAction\",\"target\":{\"@type\":\"EntryPoint\",\"urlTemplate\":\"https:\/\/klspureprint.dk\/?s={search_term_string}\"},\"query-input\":{\"@type\":\"PropertyValueSpecification\",\"valueRequired\":true,\"valueName\":\"search_term_string\"}}],\"inLanguage\":\"sv-SE\"}]}<\/script>\n<!-- \/ Yoast SEO plugin. -->","yoast_head_json":{"title":"Kreativt - KLS PurePrint","description":"F\u00f6r att f\u00e5 exakt det resultat du \u00f6nskar st\u00e5r den kreativa avdelningen redo. Vi kan hj\u00e4lpa dig med t.ex. design, layout eller bildbehandling.","robots":{"index":"index","follow":"follow","max-snippet":"max-snippet:-1","max-image-preview":"max-image-preview:large","max-video-preview":"max-video-preview:-1"},"canonical":"https:\/\/klspureprint.dk\/sv\/kreativt\/","og_locale":"sv_SE","og_type":"article","og_title":"Kreativt - KLS PurePrint","og_description":"F\u00f6r att f\u00e5 exakt det resultat du \u00f6nskar st\u00e5r den kreativa avdelningen redo. Vi kan hj\u00e4lpa dig med t.ex. design, layout eller bildbehandling.","og_url":"https:\/\/klspureprint.dk\/sv\/kreativt\/","og_site_name":"KLS PurePrint","article_modified_time":"2023-01-05T14:08:01+00:00","twitter_card":"summary_large_image","twitter_misc":{"Ber\u00e4knad l\u00e4stid":"2 minuter"},"schema":{"@context":"https:\/\/schema.org","@graph":[{"@type":"WebPage","@id":"https:\/\/klspureprint.dk\/sv\/kreativt\/","url":"https:\/\/klspureprint.dk\/sv\/kreativt\/","name":"Kreativt - KLS PurePrint","isPartOf":{"@id":"https:\/\/klspureprint.dk\/#website"},"datePublished":"2022-12-20T09:11:03+00:00","dateModified":"2023-01-05T14:08:01+00:00","description":"F\u00f6r att f\u00e5 exakt det resultat du \u00f6nskar st\u00e5r den kreativa avdelningen redo. Vi kan hj\u00e4lpa dig med t.ex. design, layout eller bildbehandling.","breadcrumb":{"@id":"https:\/\/klspureprint.dk\/sv\/kreativt\/#breadcrumb"},"inLanguage":"sv-SE","potentialAction":[{"@type":"ReadAction","target":["https:\/\/klspureprint.dk\/sv\/kreativt\/"]}]},{"@type":"BreadcrumbList","@id":"https:\/\/klspureprint.dk\/sv\/kreativt\/#breadcrumb","itemListElement":[{"@type":"ListItem","position":1,"name":"Hjem","item":"https:\/\/klspureprint.dk\/sv\/"},{"@type":"ListItem","position":2,"name":"Kreativt"}]},{"@type":"WebSite","@id":"https:\/\/klspureprint.dk\/#website","url":"https:\/\/klspureprint.dk\/","name":"KLS PurePrint","description":"","potentialAction":[{"@type":"SearchAction","target":{"@type":"EntryPoint","urlTemplate":"https:\/\/klspureprint.dk\/?s={search_term_string}"},"query-input":{"@type":"PropertyValueSpecification","valueRequired":true,"valueName":"search_term_string"}}],"inLanguage":"sv-SE"}]}},"_links":{"self":[{"href":"https:\/\/klspureprint.dk\/sv\/wp-json\/wp\/v2\/pages\/6390","targetHints":{"allow":["GET"]}}],"collection":[{"href":"https:\/\/klspureprint.dk\/sv\/wp-json\/wp\/v2\/pages"}],"about":[{"href":"https:\/\/klspureprint.dk\/sv\/wp-json\/wp\/v2\/types\/page"}],"author":[{"embeddable":true,"href":"https:\/\/klspureprint.dk\/sv\/wp-json\/wp\/v2\/users\/15"}],"replies":[{"embeddable":true,"href":"https:\/\/klspureprint.dk\/sv\/wp-json\/wp\/v2\/comments?post=6390"}],"version-history":[{"count":7,"href":"https:\/\/klspureprint.dk\/sv\/wp-json\/wp\/v2\/pages\/6390\/revisions"}],"predecessor-version":[{"id":7380,"href":"https:\/\/klspureprint.dk\/sv\/wp-json\/wp\/v2\/pages\/6390\/revisions\/7380"}],"wp:attachment":[{"href":"https:\/\/klspureprint.dk\/sv\/wp-json\/wp\/v2\/media?parent=6390"}],"curies":[{"name":"wp","href":"https:\/\/api.w.org\/{rel}","templated":true}]}}