{"id":6537,"date":"2022-12-21T08:10:21","date_gmt":"2022-12-21T07:10:21","guid":{"rendered":"https:\/\/klspureprint.dk\/?page_id=6537"},"modified":"2023-01-05T14:05:11","modified_gmt":"2023-01-05T13:05:11","slug":"cradle-to-cradle","status":"publish","type":"page","link":"https:\/\/klspureprint.dk\/sv\/cradle-to-cradle\/","title":{"rendered":"Cradle to Cradle"},"content":{"rendered":"<p>[et_pb_section fb_built=&#8221;1&#8243; admin_label=&#8221;Hero&#8221; _builder_version=&#8221;4.0.6&#8243; background_image=&#8221;https:\/\/klspureprint.dk\/wp-content\/uploads\/2019\/08\/KLS_Figur.png&#8221; background_position=&#8221;bottom_center&#8221; custom_padding=&#8221;||100px||false|false&#8221; animation_style=&#8221;zoom&#8221; animation_intensity_zoom=&#8221;4%&#8221;][et_pb_row _builder_version=&#8221;3.25&#8243; background_size=&#8221;initial&#8221; background_position=&#8221;top_left&#8221; background_repeat=&#8221;repeat&#8221; custom_padding=&#8221;|||&#8221; animation_style=&#8221;slide&#8221; animation_direction=&#8221;top&#8221; animation_intensity_slide=&#8221;3%&#8221;][et_pb_column type=&#8221;4_4&#8243; _builder_version=&#8221;3.25&#8243; custom_padding=&#8221;|||&#8221; custom_padding__hover=&#8221;|||&#8221;][et_pb_text _builder_version=&#8221;4.0.6&#8243; text_font=&#8221;||||||||&#8221; header_font=&#8221;Oswald|700||on|||||dotted&#8221; header_text_color=&#8221;#83bb26&#8243; header_font_size=&#8221;60px&#8221; header_line_height=&#8221;1.3em&#8221; background_size=&#8221;initial&#8221; background_position=&#8221;top_left&#8221; background_repeat=&#8221;repeat&#8221; custom_margin=&#8221;|||&#8221; custom_margin_tablet=&#8221;&#8221; custom_margin_phone=&#8221;50px||||false|false&#8221; custom_margin_last_edited=&#8221;on|phone&#8221; custom_padding_tablet=&#8221;&#8221; custom_padding_phone=&#8221;&#8221; custom_padding_last_edited=&#8221;on|phone&#8221; animation_style=&#8221;fade&#8221; header_text_align_tablet=&#8221;&#8221; header_text_align_phone=&#8221;center&#8221; header_text_align_last_edited=&#8221;on|phone&#8221; header_font_size_tablet=&#8221;&#8221; header_font_size_phone=&#8221;36px&#8221; header_font_size_last_edited=&#8221;on|phone&#8221; locked=&#8221;off&#8221;]<\/p>\n<h1>CRADLE TO CRADLE<\/h1>\n<p>[\/et_pb_text][et_pb_divider show_divider=&#8221;off&#8221; disabled_on=&#8221;on|on|off%22&#8243; _builder_version=&#8221;3.2&#8243; max_width=&#8221;120px&#8221; animation_style=&#8221;slide&#8221; animation_direction=&#8221;top&#8221; animation_intensity_slide=&#8221;30%&#8221;][\/et_pb_divider][\/et_pb_column][\/et_pb_row][et_pb_row column_structure=&#8221;3_5,2_5&#8243; admin_label=&#8221;Project 01&#8243; _builder_version=&#8221;4.0.6&#8243; background_size=&#8221;initial&#8221; background_position=&#8221;top_left&#8221; background_repeat=&#8221;repeat&#8221; custom_margin=&#8221;-57px|auto||auto||&#8221; custom_padding=&#8221;||100px||false|false&#8221;][et_pb_column type=&#8221;3_5&#8243; _builder_version=&#8221;4.0.6&#8243; custom_padding=&#8221;0%||5%||false|false&#8221; custom_padding__hover=&#8221;|||&#8221;][et_pb_cta button_url=&#8221;https:\/\/klspureprint.dk\/kontakt&#8221; button_text=&#8221;Kontakt os&#8221; _builder_version=&#8221;4.0.6&#8243; header_font=&#8221;Oswald|600|||||||&#8221; header_text_color=&#8221;#83bb26&#8243; header_line_height=&#8221;1.5em&#8221; body_font=&#8221;Oswald|300|||||||&#8221; body_text_color=&#8221;#444444&#8243; body_font_size=&#8221;18px&#8221; body_line_height=&#8221;1.8em&#8221; use_background_color=&#8221;off&#8221; background_size=&#8221;initial&#8221; background_position=&#8221;top_left&#8221; background_repeat=&#8221;repeat&#8221; custom_button=&#8221;on&#8221; button_text_size=&#8221;15px&#8221; button_text_color=&#8221;#ffffff&#8221; button_bg_color=&#8221;#83bb26&#8243; button_border_width=&#8221;4px&#8221; button_border_color=&#8221;#83bb26&#8243; button_border_radius=&#8221;0px&#8221; button_letter_spacing=&#8221;3px&#8221; button_font=&#8221;Oswald|||on|&#8221; button_use_icon=&#8221;off&#8221; button_alignment=&#8221;right&#8221; text_orientation=&#8221;left&#8221; background_layout=&#8221;light&#8221; custom_margin=&#8221;0px||0px||false|false&#8221; custom_padding=&#8221;0px||0px||false|false&#8221; animation_style=&#8221;slide&#8221; animation_direction=&#8221;top&#8221; animation_intensity_slide=&#8221;6%&#8221; button_bg_color_hover=&#8221;rgba(0,0,0,0)&#8221; button_text_size__hover_enabled=&#8221;off&#8221; button_one_text_size__hover_enabled=&#8221;off&#8221; button_two_text_size__hover_enabled=&#8221;off&#8221; button_text_color__hover_enabled=&#8221;off&#8221; button_one_text_color__hover_enabled=&#8221;off&#8221; button_two_text_color__hover_enabled=&#8221;off&#8221; button_border_width__hover_enabled=&#8221;off&#8221; button_one_border_width__hover_enabled=&#8221;off&#8221; button_two_border_width__hover_enabled=&#8221;off&#8221; button_border_color__hover_enabled=&#8221;on&#8221; button_one_border_color__hover_enabled=&#8221;off&#8221; button_two_border_color__hover_enabled=&#8221;off&#8221; button_border_radius__hover_enabled=&#8221;on|desktop&#8221; button_one_border_radius__hover_enabled=&#8221;off&#8221; button_two_border_radius__hover_enabled=&#8221;off&#8221; button_letter_spacing__hover_enabled=&#8221;on&#8221; button_one_letter_spacing__hover_enabled=&#8221;off&#8221; button_two_letter_spacing__hover_enabled=&#8221;off&#8221; button_bg_color__hover_enabled=&#8221;on|hover&#8221; button_bg_color__hover=&#8221;#83bb26&#8243; button_one_bg_color__hover_enabled=&#8221;off&#8221; button_two_bg_color__hover_enabled=&#8221;off&#8221; button_text_color__hover=&#8221;#ffffff&#8221; button_border_color__hover=&#8221;#83bb26&#8243; button_border_radius__hover=&#8221;0px&#8221; button_letter_spacing__hover=&#8221;3px&#8221; button_bg_enable_color__hover=&#8221;on&#8221;]<\/p>\n<div>\n<h2 class=\"P68B1DB1-Overskrift230\"><span lang=\"SV\">MILJ\u00d6V\u00c4NLIGA PRODUKTER FR\u00c5N B\u00d6RJAN TILL SLUT<\/span><\/h2>\n<\/div>\n<div>\n<p class=\"P68B1DB1-NormalWeb13\"><span lang=\"EN-US\">Sedan 2015 har KLS PurePrint varit Cradle-to-Cradle-certifierad. <\/span><span lang=\"SV\">Det \u00e4r en helhetsinriktad milj\u00f6certifiering som har som m\u00e5l att en produkt inte f\u00f6rorenar, inte f\u00f6rbrukar jordens resurser och ing\u00e5r i naturens eget kretslopp. Tanken \u00e4r att produkterna cirkulerar i kretsloppet och \u00e5teranv\u00e4nds om och om igen. Det betyder att produkterna inte resulterar i n\u00e5got avfall och att de inte \u00e4r giftiga f\u00f6r m\u00e4nniskor eller milj\u00f6. Detta \u00e4r ocks\u00e5 vad som kallas cirkul\u00e4r ekonomi.<\/span><\/p>\n<\/div>\n<div>\n<h2 class=\"P68B1DB1-Overskrift230\"><span lang=\"SV\">MER \u00c4N ETT PRODUKTM\u00c4RKE<\/span><\/h2>\n<\/div>\n<div><span lang=\"SV\">Cradle-to-Cradle \u00e4r inte ett produktm\u00e4rke, utan en certifiering som tar h\u00e4nsyn till hela produktens livscykel. Hela f\u00f6retaget m\u00e5ste d\u00e4rf\u00f6r uppfylla str\u00e4nga h\u00e5llbarhetskrav inom fem omr\u00e5den f\u00f6r att bli certifierat. <\/span><\/div>\n<p><strong>1\u00a0H\u00e4lsosamma material<\/strong><br \/>\nEndast \u00e4mnen som kan komma in i en sund cirkulation utan att skada vare sig m\u00e4nniskor eller milj\u00f6 f\u00e5r anv\u00e4ndas.<\/p>\n<p><strong>2\u00a0\u00c5tervinning av material<\/strong><br \/>\nProdukten ska kunna ing\u00e5 i ett biologiskt eller tekniskt kretslopp s\u00e5 att den inte producerar avfall.<\/p>\n<p><strong>3\u00a0F\u00f6rnybar energi och koldioxidhantering<\/strong><br \/>\nF\u00f6retaget ska vara CO2-neutralt och anv\u00e4nda 100 procent f\u00f6rnybar energi f\u00f6r alla processer.<\/p>\n<p><strong>4\u00a0S\u00e4kerhet f\u00f6r vattenresurser<\/strong><br \/>\nProcessavloppsvatten ska vara s\u00e5 rent att det i princip kan drickas.<\/p>\n<p><strong>5\u00a0Socialt ansvar<\/strong><br \/>\nF\u00f6retaget ska visa socialt ansvar baserat p\u00e5 erk\u00e4nda standarder \u2013 till exempel Global Compact.<\/p>\n<div><span lang=\"SV\">Cradle to Cradle-certifieringen kr\u00e4ver kontinuerlig f\u00f6rb\u00e4ttring av b\u00e5de produkt och processer. <\/span><span lang=\"SV\">Vid certifieringen 2015 registrerades KLS PurePrint p\u00e5 BRONZE-niv\u00e5, men redan 2016 h\u00f6jdes niv\u00e5n till SILVER.<\/span><\/div>\n<p>[\/et_pb_cta][\/et_pb_column][et_pb_column type=&#8221;2_5&#8243; _builder_version=&#8221;3.25&#8243; custom_padding=&#8221;|||&#8221; custom_padding__hover=&#8221;|||&#8221;][et_pb_video src=&#8221;https:\/\/youtu.be\/AsuwOoNwgaI&#8221; _builder_version=&#8221;4.0.6&#8243; hover_enabled=&#8221;0&#8243;][\/et_pb_video][et_pb_cta button_url=&#8221;https:\/\/klspureprint.dk\/kontakt&#8221; _builder_version=&#8221;4.0.6&#8243; header_font=&#8221;Oswald|600|||||||&#8221; header_text_color=&#8221;#83bb26&#8243; header_line_height=&#8221;1.5em&#8221; body_font=&#8221;Oswald|300|||||||&#8221; body_text_color=&#8221;#444444&#8243; body_font_size=&#8221;18px&#8221; body_line_height=&#8221;1.8em&#8221; use_background_color=&#8221;off&#8221; background_size=&#8221;initial&#8221; background_position=&#8221;top_left&#8221; background_repeat=&#8221;repeat&#8221; custom_button=&#8221;on&#8221; button_text_size=&#8221;15px&#8221; button_text_color=&#8221;#ffffff&#8221; button_bg_color=&#8221;#83bb26&#8243; button_border_width=&#8221;4px&#8221; button_border_color=&#8221;#83bb26&#8243; button_border_radius=&#8221;0px&#8221; button_letter_spacing=&#8221;3px&#8221; button_font=&#8221;Oswald|||on|&#8221; button_use_icon=&#8221;off&#8221; button_alignment=&#8221;right&#8221; text_orientation=&#8221;left&#8221; background_layout=&#8221;light&#8221; custom_margin=&#8221;0px||0px||false|false&#8221; custom_padding=&#8221;0px||0px||false|false&#8221; animation_style=&#8221;slide&#8221; animation_direction=&#8221;top&#8221; animation_intensity_slide=&#8221;6%&#8221; hover_enabled=&#8221;0&#8243; button_bg_color_hover=&#8221;rgba(0,0,0,0)&#8221; button_text_size__hover_enabled=&#8221;off&#8221; button_one_text_size__hover_enabled=&#8221;off&#8221; button_two_text_size__hover_enabled=&#8221;off&#8221; button_text_color__hover_enabled=&#8221;off&#8221; button_one_text_color__hover_enabled=&#8221;off&#8221; button_two_text_color__hover_enabled=&#8221;off&#8221; button_border_width__hover_enabled=&#8221;off&#8221; button_one_border_width__hover_enabled=&#8221;off&#8221; button_two_border_width__hover_enabled=&#8221;off&#8221; button_border_color__hover_enabled=&#8221;on&#8221; button_one_border_color__hover_enabled=&#8221;off&#8221; button_two_border_color__hover_enabled=&#8221;off&#8221; button_border_radius__hover_enabled=&#8221;on|desktop&#8221; button_one_border_radius__hover_enabled=&#8221;off&#8221; button_two_border_radius__hover_enabled=&#8221;off&#8221; button_letter_spacing__hover_enabled=&#8221;on&#8221; button_one_letter_spacing__hover_enabled=&#8221;off&#8221; button_two_letter_spacing__hover_enabled=&#8221;off&#8221; button_bg_color__hover_enabled=&#8221;on|hover&#8221; button_bg_color__hover=&#8221;#83bb26&#8243; button_one_bg_color__hover_enabled=&#8221;off&#8221; button_two_bg_color__hover_enabled=&#8221;off&#8221; button_text_color__hover=&#8221;#ffffff&#8221; button_border_color__hover=&#8221;#83bb26&#8243; button_border_radius__hover=&#8221;0px&#8221; button_letter_spacing__hover=&#8221;3px&#8221; button_bg_enable_color__hover=&#8221;on&#8221;]<\/p>\n<p>2015 blev KLS PurePrint\u00a0Cradle-to-Cradle-certifierad\u00a0p\u00e5 BRONS-niv\u00e5 baserat p\u00e5 f\u00f6retagets ledning av h\u00e5llbarhet n\u00e4r det g\u00e4ller material, \u00e5tervinning, f\u00f6rnybar energi, s\u00e4kra vattenresurser och CSR. Vid \u00e5rets granskning blev det dock tydligt att arbetet med h\u00e5llbarhet forts\u00e4tter att ge resultat. D\u00e4rf\u00f6r \u00e4r KLS PurePrint nu certifierat p\u00e5 SILVER-niv\u00e5.<\/p>\n<p>Den lilla videon om cirkul\u00e4r ekonomi och Cradle-to-Cradle har nu visats \u00f6ver 1 600 g\u00e5nger p\u00e5 YouTube.<\/p>\n<p>[\/et_pb_cta][\/et_pb_column][\/et_pb_row][\/et_pb_section]<\/p>\n","protected":false},"excerpt":{"rendered":"<p>CRADLE TO CRADLE MILJ\u00d6V\u00c4NLIGA PRODUKTER FR\u00c5N B\u00d6RJAN TILL SLUT Sedan 2015 har KLS PurePrint varit Cradle-to-Cradle-certifierad. Det \u00e4r en helhetsinriktad milj\u00f6certifiering som har som m\u00e5l att en produkt inte f\u00f6rorenar, inte f\u00f6rbrukar jordens resurser och ing\u00e5r i naturens eget kretslopp. Tanken \u00e4r att produkterna cirkulerar i kretsloppet och \u00e5teranv\u00e4nds om och om igen. Det betyder [&hellip;]<\/p>\n","protected":false},"author":15,"featured_media":0,"parent":0,"menu_order":0,"comment_status":"closed","ping_status":"closed","template":"","meta":{"_et_pb_use_builder":"on","_et_pb_old_content":"","_et_gb_content_width":"","footnotes":""},"class_list":["post-6537","page","type-page","status-publish","hentry"],"yoast_head":"<!-- This site is optimized with the Yoast SEO plugin v27.1.1 - https:\/\/yoast.com\/product\/yoast-seo-wordpress\/ -->\n<title>Cradle to Cradle - KLS PurePrint<\/title>\n<meta name=\"robots\" content=\"index, follow, max-snippet:-1, max-image-preview:large, max-video-preview:-1\" \/>\n<link rel=\"canonical\" href=\"https:\/\/klspureprint.dk\/sv\/cradle-to-cradle\/\" \/>\n<meta property=\"og:locale\" content=\"sv_SE\" \/>\n<meta property=\"og:type\" content=\"article\" \/>\n<meta property=\"og:title\" content=\"Cradle to Cradle - KLS PurePrint\" \/>\n<meta property=\"og:description\" content=\"CRADLE TO CRADLE MILJ\u00d6V\u00c4NLIGA PRODUKTER FR\u00c5N B\u00d6RJAN TILL SLUT Sedan 2015 har KLS PurePrint varit Cradle-to-Cradle-certifierad. Det \u00e4r en helhetsinriktad milj\u00f6certifiering som har som m\u00e5l att en produkt inte f\u00f6rorenar, inte f\u00f6rbrukar jordens resurser och ing\u00e5r i naturens eget kretslopp. Tanken \u00e4r att produkterna cirkulerar i kretsloppet och \u00e5teranv\u00e4nds om och om igen. Det betyder [&hellip;]\" \/>\n<meta property=\"og:url\" content=\"https:\/\/klspureprint.dk\/sv\/cradle-to-cradle\/\" \/>\n<meta property=\"og:site_name\" content=\"KLS PurePrint\" \/>\n<meta property=\"article:modified_time\" content=\"2023-01-05T13:05:11+00:00\" \/>\n<meta name=\"twitter:card\" content=\"summary_large_image\" \/>\n<meta name=\"twitter:label1\" content=\"Ber\u00e4knad l\u00e4stid\" \/>\n\t<meta name=\"twitter:data1\" content=\"3 minuter\" \/>\n<script type=\"application\/ld+json\" class=\"yoast-schema-graph\">{\"@context\":\"https:\/\/schema.org\",\"@graph\":[{\"@type\":\"WebPage\",\"@id\":\"https:\/\/klspureprint.dk\/sv\/cradle-to-cradle\/\",\"url\":\"https:\/\/klspureprint.dk\/sv\/cradle-to-cradle\/\",\"name\":\"Cradle to Cradle - KLS PurePrint\",\"isPartOf\":{\"@id\":\"https:\/\/klspureprint.dk\/#website\"},\"datePublished\":\"2022-12-21T07:10:21+00:00\",\"dateModified\":\"2023-01-05T13:05:11+00:00\",\"breadcrumb\":{\"@id\":\"https:\/\/klspureprint.dk\/sv\/cradle-to-cradle\/#breadcrumb\"},\"inLanguage\":\"sv-SE\",\"potentialAction\":[{\"@type\":\"ReadAction\",\"target\":[\"https:\/\/klspureprint.dk\/sv\/cradle-to-cradle\/\"]}]},{\"@type\":\"BreadcrumbList\",\"@id\":\"https:\/\/klspureprint.dk\/sv\/cradle-to-cradle\/#breadcrumb\",\"itemListElement\":[{\"@type\":\"ListItem\",\"position\":1,\"name\":\"Hjem\",\"item\":\"https:\/\/klspureprint.dk\/sv\/\"},{\"@type\":\"ListItem\",\"position\":2,\"name\":\"Cradle to Cradle\"}]},{\"@type\":\"WebSite\",\"@id\":\"https:\/\/klspureprint.dk\/#website\",\"url\":\"https:\/\/klspureprint.dk\/\",\"name\":\"KLS PurePrint\",\"description\":\"\",\"potentialAction\":[{\"@type\":\"SearchAction\",\"target\":{\"@type\":\"EntryPoint\",\"urlTemplate\":\"https:\/\/klspureprint.dk\/?s={search_term_string}\"},\"query-input\":{\"@type\":\"PropertyValueSpecification\",\"valueRequired\":true,\"valueName\":\"search_term_string\"}}],\"inLanguage\":\"sv-SE\"}]}<\/script>\n<!-- \/ Yoast SEO plugin. -->","yoast_head_json":{"title":"Cradle to Cradle - KLS PurePrint","robots":{"index":"index","follow":"follow","max-snippet":"max-snippet:-1","max-image-preview":"max-image-preview:large","max-video-preview":"max-video-preview:-1"},"canonical":"https:\/\/klspureprint.dk\/sv\/cradle-to-cradle\/","og_locale":"sv_SE","og_type":"article","og_title":"Cradle to Cradle - KLS PurePrint","og_description":"CRADLE TO CRADLE MILJ\u00d6V\u00c4NLIGA PRODUKTER FR\u00c5N B\u00d6RJAN TILL SLUT Sedan 2015 har KLS PurePrint varit Cradle-to-Cradle-certifierad. Det \u00e4r en helhetsinriktad milj\u00f6certifiering som har som m\u00e5l att en produkt inte f\u00f6rorenar, inte f\u00f6rbrukar jordens resurser och ing\u00e5r i naturens eget kretslopp. Tanken \u00e4r att produkterna cirkulerar i kretsloppet och \u00e5teranv\u00e4nds om och om igen. Det betyder [&hellip;]","og_url":"https:\/\/klspureprint.dk\/sv\/cradle-to-cradle\/","og_site_name":"KLS PurePrint","article_modified_time":"2023-01-05T13:05:11+00:00","twitter_card":"summary_large_image","twitter_misc":{"Ber\u00e4knad l\u00e4stid":"3 minuter"},"schema":{"@context":"https:\/\/schema.org","@graph":[{"@type":"WebPage","@id":"https:\/\/klspureprint.dk\/sv\/cradle-to-cradle\/","url":"https:\/\/klspureprint.dk\/sv\/cradle-to-cradle\/","name":"Cradle to Cradle - KLS PurePrint","isPartOf":{"@id":"https:\/\/klspureprint.dk\/#website"},"datePublished":"2022-12-21T07:10:21+00:00","dateModified":"2023-01-05T13:05:11+00:00","breadcrumb":{"@id":"https:\/\/klspureprint.dk\/sv\/cradle-to-cradle\/#breadcrumb"},"inLanguage":"sv-SE","potentialAction":[{"@type":"ReadAction","target":["https:\/\/klspureprint.dk\/sv\/cradle-to-cradle\/"]}]},{"@type":"BreadcrumbList","@id":"https:\/\/klspureprint.dk\/sv\/cradle-to-cradle\/#breadcrumb","itemListElement":[{"@type":"ListItem","position":1,"name":"Hjem","item":"https:\/\/klspureprint.dk\/sv\/"},{"@type":"ListItem","position":2,"name":"Cradle to Cradle"}]},{"@type":"WebSite","@id":"https:\/\/klspureprint.dk\/#website","url":"https:\/\/klspureprint.dk\/","name":"KLS PurePrint","description":"","potentialAction":[{"@type":"SearchAction","target":{"@type":"EntryPoint","urlTemplate":"https:\/\/klspureprint.dk\/?s={search_term_string}"},"query-input":{"@type":"PropertyValueSpecification","valueRequired":true,"valueName":"search_term_string"}}],"inLanguage":"sv-SE"}]}},"_links":{"self":[{"href":"https:\/\/klspureprint.dk\/sv\/wp-json\/wp\/v2\/pages\/6537","targetHints":{"allow":["GET"]}}],"collection":[{"href":"https:\/\/klspureprint.dk\/sv\/wp-json\/wp\/v2\/pages"}],"about":[{"href":"https:\/\/klspureprint.dk\/sv\/wp-json\/wp\/v2\/types\/page"}],"author":[{"embeddable":true,"href":"https:\/\/klspureprint.dk\/sv\/wp-json\/wp\/v2\/users\/15"}],"replies":[{"embeddable":true,"href":"https:\/\/klspureprint.dk\/sv\/wp-json\/wp\/v2\/comments?post=6537"}],"version-history":[{"count":9,"href":"https:\/\/klspureprint.dk\/sv\/wp-json\/wp\/v2\/pages\/6537\/revisions"}],"predecessor-version":[{"id":7339,"href":"https:\/\/klspureprint.dk\/sv\/wp-json\/wp\/v2\/pages\/6537\/revisions\/7339"}],"wp:attachment":[{"href":"https:\/\/klspureprint.dk\/sv\/wp-json\/wp\/v2\/media?parent=6537"}],"curies":[{"name":"wp","href":"https:\/\/api.w.org\/{rel}","templated":true}]}}